{"id":33,"date":"2017-07-18T12:23:00","date_gmt":"2017-07-18T10:23:00","guid":{"rendered":"http:\/\/www.grundeinkommen-ist-waehlbar.de\/btw2017\/?page_id=33"},"modified":"2020-01-14T10:47:00","modified_gmt":"2020-01-14T09:47:00","slug":"kandidieren","status":"publish","type":"page","link":"https:\/\/www.grundeinkommen-ist-waehlbar.de\/2017-de\/kandidieren\/","title":{"rendered":"Kandidieren"},"content":{"rendered":"<h2>Ich kandidiere (entweder f\u00fcr eine Partei oder als Einzelbewerber\/in) zur Bundestagswahl und unterst\u00fctze die Forderung nach einem Grundeinkommen<\/h2>\n<ul>\n<li>das existenzsichernd ist und gesellschaftliche Teilhabe erm\u00f6glicht,<\/li>\n<li>auf das ein individueller Rechtsanspruch besteht,<\/li>\n<li>das ohne Bed\u00fcrftigkeitspr\u00fcfung und<\/li>\n<li>ohne Zwang zu Arbeit oder anderen Gegenleistungen<\/li>\n<\/ul>\n<p>garantiert wird.<\/p>\n<h3>Die Wahl ist jetzt vorbei, es ist nicht mehr m\u00f6glich ein Profil hochzuladen.<\/h3>\n","protected":false},"excerpt":{"rendered":"<p>Ich kandidiere (entweder f\u00fcr eine Partei oder als Einzelbewerber\/in) zur Bundestagswahl und unterst\u00fctze die Forderung nach einem Grundeinkommen das existenzsichernd ist und gesellschaftliche Teilhabe erm\u00f6glicht, auf das ein individueller Rechtsanspruch besteht, das ohne Bed\u00fcrftigkeitspr\u00fcfung und ohne Zwang zu Arbeit oder anderen Gegenleistungen garantiert wird. Die Wahl ist jetzt vorbei, es ist nicht mehr m\u00f6glich ein &hellip; <\/p>\n<p class=\"link-more\"><a href=\"https:\/\/www.grundeinkommen-ist-waehlbar.de\/2017-de\/kandidieren\/\" class=\"more-link\"><span class=\"screen-reader-text\">\u201eKandidieren\u201c <\/span>weiterlesen<\/a><\/p>\n","protected":false},"author":1,"featured_media":0,"parent":0,"menu_order":0,"comment_status":"closed","ping_status":"closed","template":"","meta":{"footnotes":""},"class_list":["post-33","page","type-page","status-publish","hentry"],"_links":{"self":[{"href":"https:\/\/www.grundeinkommen-ist-waehlbar.de\/2017-de\/wp-json\/wp\/v2\/pages\/33","targetHints":{"allow":["GET"]}}],"collection":[{"href":"https:\/\/www.grundeinkommen-ist-waehlbar.de\/2017-de\/wp-json\/wp\/v2\/pages"}],"about":[{"href":"https:\/\/www.grundeinkommen-ist-waehlbar.de\/2017-de\/wp-json\/wp\/v2\/types\/page"}],"author":[{"embeddable":true,"href":"https:\/\/www.grundeinkommen-ist-waehlbar.de\/2017-de\/wp-json\/wp\/v2\/users\/1"}],"replies":[{"embeddable":true,"href":"https:\/\/www.grundeinkommen-ist-waehlbar.de\/2017-de\/wp-json\/wp\/v2\/comments?post=33"}],"version-history":[{"count":6,"href":"https:\/\/www.grundeinkommen-ist-waehlbar.de\/2017-de\/wp-json\/wp\/v2\/pages\/33\/revisions"}],"predecessor-version":[{"id":1459,"href":"https:\/\/www.grundeinkommen-ist-waehlbar.de\/2017-de\/wp-json\/wp\/v2\/pages\/33\/revisions\/1459"}],"wp:attachment":[{"href":"https:\/\/www.grundeinkommen-ist-waehlbar.de\/2017-de\/wp-json\/wp\/v2\/media?parent=33"}],"curies":[{"name":"wp","href":"https:\/\/api.w.org\/{rel}","templated":true}]}}