{"id":55,"date":"2017-07-19T10:23:03","date_gmt":"2017-07-19T08:23:03","guid":{"rendered":"http:\/\/www.grundeinkommen-ist-waehlbar.de\/btw2017\/?page_id=55"},"modified":"2017-08-14T21:01:02","modified_gmt":"2017-08-14T19:01:02","slug":"engagieren-in-regionalen-initiativen","status":"publish","type":"page","link":"https:\/\/www.grundeinkommen-ist-waehlbar.de\/2017-de\/engagieren-in-regionalen-initiativen\/","title":{"rendered":"Engagieren in regionalen Initiativen"},"content":{"rendered":"<p>Sie m\u00f6chten mehr tun, als &#8222;nur&#8220; ein Kreuzchen machen? Sie m\u00f6chten sich \u00fcber die Bundestagswahl hinaus aktiv f\u00fcr ein Bedingungsloses Grundeinkommen einsetzen?<\/p>\n<p>Adressen und Kontaktpersonen finden Sie hier:<br \/>\n<a href=\"http:\/\/www.grundeinkommen.de\/thema\/initiativen\" target=\"_blank\" rel=\"noopener\">http:\/\/www.grundeinkommen.de\/thema\/initiativen<\/a><\/p>\n","protected":false},"excerpt":{"rendered":"<p>Sie m\u00f6chten mehr tun, als &#8222;nur&#8220; ein Kreuzchen machen? Sie m\u00f6chten sich \u00fcber die Bundestagswahl hinaus aktiv f\u00fcr ein Bedingungsloses Grundeinkommen einsetzen? Adressen und Kontaktpersonen finden Sie hier: http:\/\/www.grundeinkommen.de\/thema\/initiativen<\/p>\n","protected":false},"author":1,"featured_media":0,"parent":0,"menu_order":0,"comment_status":"closed","ping_status":"closed","template":"","meta":{"footnotes":""},"class_list":["post-55","page","type-page","status-publish","hentry"],"_links":{"self":[{"href":"https:\/\/www.grundeinkommen-ist-waehlbar.de\/2017-de\/wp-json\/wp\/v2\/pages\/55","targetHints":{"allow":["GET"]}}],"collection":[{"href":"https:\/\/www.grundeinkommen-ist-waehlbar.de\/2017-de\/wp-json\/wp\/v2\/pages"}],"about":[{"href":"https:\/\/www.grundeinkommen-ist-waehlbar.de\/2017-de\/wp-json\/wp\/v2\/types\/page"}],"author":[{"embeddable":true,"href":"https:\/\/www.grundeinkommen-ist-waehlbar.de\/2017-de\/wp-json\/wp\/v2\/users\/1"}],"replies":[{"embeddable":true,"href":"https:\/\/www.grundeinkommen-ist-waehlbar.de\/2017-de\/wp-json\/wp\/v2\/comments?post=55"}],"version-history":[{"count":2,"href":"https:\/\/www.grundeinkommen-ist-waehlbar.de\/2017-de\/wp-json\/wp\/v2\/pages\/55\/revisions"}],"predecessor-version":[{"id":176,"href":"https:\/\/www.grundeinkommen-ist-waehlbar.de\/2017-de\/wp-json\/wp\/v2\/pages\/55\/revisions\/176"}],"wp:attachment":[{"href":"https:\/\/www.grundeinkommen-ist-waehlbar.de\/2017-de\/wp-json\/wp\/v2\/media?parent=55"}],"curies":[{"name":"wp","href":"https:\/\/api.w.org\/{rel}","templated":true}]}}