{"id":65,"date":"2017-07-19T10:26:45","date_gmt":"2017-07-19T08:26:45","guid":{"rendered":"http:\/\/www.grundeinkommen-ist-waehlbar.de\/btw2017\/?page_id=65"},"modified":"2017-09-20T15:31:24","modified_gmt":"2017-09-20T13:31:24","slug":"infos","status":"publish","type":"page","link":"https:\/\/www.grundeinkommen-ist-waehlbar.de\/2017-de\/infos\/","title":{"rendered":"Infos"},"content":{"rendered":"<h3>Viele Medien und Foren bieten lediglich Auswertungen der Wahlprogramme bez\u00fcglich des Grundeinkommens an. Manche befinden Antworten der Parteien im Twitter-Stil f\u00fcr gut. Das Netzwerk Grundeinkommen m\u00f6chte Ihnen hingegen die vollst\u00e4ndigen Antworten,sortiert nach der Abfolge unserer Wahlpr\u00fcfsteine, nicht vorenthalten:<\/h3>\n<h3><a href=\"https:\/\/www.grundeinkommen-ist-waehlbar.de\/2017-de\/wp-content\/uploads\/sites\/3\/2017\/07\/Wahlpr\u00fcfsteinsynopse-Word.pdf\">Wahlpr\u00fcfsteinsynopse <\/a><\/h3>\n<h3>Hier finden Sie die Antworten, sortiert nach den Parteien:<\/h3>\n<h3>Mehr Informationen:<\/h3>\n<p><strong>zu unseren Wahlpr\u00fcfsteinen:<\/strong><\/p>\n<p><a href=\"https:\/\/www.grundeinkommen-ist-waehlbar.de\/2017-de\/wp-content\/uploads\/sites\/3\/2017\/07\/Wahlpr\u00fcfsteine-zur-Bundestagswahl-am-24.-September-2017.pdf\">Wahlpr\u00fcfsteine zur Bundestagswahl am 24. September 2017<\/a><\/p>\n<p><strong>zu den Antworten der Parteien auf unsere Wahlpr\u00fcfsteine:<\/strong><\/p>\n<p><img loading=\"lazy\" decoding=\"async\" class=\"alignnone size-full wp-image-954\" src=\"https:\/\/www.grundeinkommen-ist-waehlbar.de\/2017-de\/wp-content\/uploads\/sites\/3\/2017\/07\/Gruene_Logo_RGB_aufTransparent_hellesBlau_aufGruen-e1504458326582.jpg\" alt=\"\" width=\"50\" height=\"30\" \/><br \/>\n<a href=\"https:\/\/www.grundeinkommen-ist-waehlbar.de\/2017-de\/wp-content\/uploads\/sites\/3\/2017\/07\/B\u00fcndnis-90-Die-Gr\u00fcnen_WPS_BTW_2017.pdf\">B\u00fcndnis 90 Die Gr\u00fcnen_WPS_BTW_2017<\/a><\/p>\n<p><img loading=\"lazy\" decoding=\"async\" class=\"alignnone size-full wp-image-975\" src=\"https:\/\/www.grundeinkommen-ist-waehlbar.de\/2017-de\/wp-content\/uploads\/sites\/3\/2017\/07\/Favicon_96x96-e1504460142336.png\" alt=\"\" width=\"50\" height=\"50\" \/><br \/>\n<a href=\"https:\/\/www.grundeinkommen-ist-waehlbar.de\/2017-de\/wp-content\/uploads\/sites\/3\/2017\/07\/B\u00fcndnis_Grundeinkommen_BGE_WPS_BTW_2017.pdf\">B\u00fcndnis_Grundeinkommen_BGE_WPS_BTW_2017<\/a><\/p>\n<p><img loading=\"lazy\" decoding=\"async\" class=\"alignnone size-full wp-image-976\" src=\"https:\/\/www.grundeinkommen-ist-waehlbar.de\/2017-de\/wp-content\/uploads\/sites\/3\/2017\/07\/cdu-e1504460204546.png\" alt=\"\" width=\"50\" height=\"30\" \/><br \/>\n<a href=\"https:\/\/www.grundeinkommen-ist-waehlbar.de\/2017-de\/wp-content\/uploads\/sites\/3\/2017\/07\/CDU_CSU_WPS_BTW_2017.pdf\">CDU_CSU_WPS_BTW_2017<\/a><\/p>\n<p><img loading=\"lazy\" decoding=\"async\" class=\"alignnone size-full wp-image-977\" src=\"https:\/\/www.grundeinkommen-ist-waehlbar.de\/2017-de\/wp-content\/uploads\/sites\/3\/2017\/07\/DiB-Facebook-Default-e1504460247262.png\" alt=\"\" width=\"50\" height=\"26\" \/><br \/>\n<a href=\"https:\/\/www.grundeinkommen-ist-waehlbar.de\/2017-de\/wp-content\/uploads\/sites\/3\/2017\/07\/Demokratie-in-Bewegung_WPS_BTW_2017.pdf\">Demokratie in Bewegung_WPS_BTW_2017<\/a><\/p>\n<p><img loading=\"lazy\" decoding=\"async\" class=\"alignnone size-full wp-image-978\" src=\"https:\/\/www.grundeinkommen-ist-waehlbar.de\/2017-de\/wp-content\/uploads\/sites\/3\/2017\/07\/linke_logo-e1504622995165.gif\" alt=\"\" width=\"100\" height=\"50\" \/><br \/>\n<a href=\"https:\/\/www.grundeinkommen-ist-waehlbar.de\/2017-de\/wp-content\/uploads\/sites\/3\/2017\/07\/DIELINKE_WPS_BTW_2017.pdf\">DIELINKE_WPS_BTW_2017<\/a><\/p>\n<p><img loading=\"lazy\" decoding=\"async\" class=\"alignnone size-full wp-image-979\" src=\"https:\/\/www.grundeinkommen-ist-waehlbar.de\/2017-de\/wp-content\/uploads\/sites\/3\/2017\/07\/size320x180-e1504623034463.jpg\" alt=\"\" width=\"100\" height=\"56\" \/><br \/>\n<a href=\"https:\/\/www.grundeinkommen-ist-waehlbar.de\/2017-de\/wp-content\/uploads\/sites\/3\/2017\/07\/DieVioletten_WPS_BTW_2017.pdf\">DieVioletten_WPS_BTW_2017<\/a><\/p>\n<p><img loading=\"lazy\" decoding=\"async\" class=\"alignnone size-full wp-image-980\" src=\"https:\/\/www.grundeinkommen-ist-waehlbar.de\/2017-de\/wp-content\/uploads\/sites\/3\/2017\/07\/fdpbundbucmwcmykhgelb1-e1504460552703.png\" alt=\"\" width=\"50\" height=\"28\" \/><br \/>\n<a href=\"https:\/\/www.grundeinkommen-ist-waehlbar.de\/2017-de\/wp-content\/uploads\/sites\/3\/2017\/07\/FDP_WPS_BTW_2017.pdf\">FDP_WPS_BTW_2017<\/a><\/p>\n<p><img loading=\"lazy\" decoding=\"async\" class=\"alignnone size-full wp-image-981\" src=\"https:\/\/www.grundeinkommen-ist-waehlbar.de\/2017-de\/wp-content\/uploads\/sites\/3\/2017\/07\/upstream_logo_fw-e1504623070489.png\" alt=\"\" width=\"100\" height=\"46\" \/><br \/>\n<a href=\"https:\/\/www.grundeinkommen-ist-waehlbar.de\/2017-de\/wp-content\/uploads\/sites\/3\/2017\/07\/FreieW\u00e4hler_WPS_BTW_2017.pdf\">FreieW\u00e4hler_WPS_BTW_2017<\/a><\/p>\n<p><img loading=\"lazy\" decoding=\"async\" class=\"alignnone size-full wp-image-982\" src=\"https:\/\/www.grundeinkommen-ist-waehlbar.de\/2017-de\/wp-content\/uploads\/sites\/3\/2017\/07\/Menschliche_Welt_Logo-e1504623110565.jpg\" alt=\"\" width=\"100\" height=\"70\" \/><a href=\"https:\/\/www.grundeinkommen-ist-waehlbar.de\/2017-de\/wp-content\/uploads\/sites\/3\/2017\/07\/MenschlicheWelt_WPS_BTW_2017.pdf\"><br \/>\nMenschlicheWelt_WPS_BTW_2017<\/a><\/p>\n<p><img loading=\"lazy\" decoding=\"async\" class=\"alignnone size-full wp-image-983\" src=\"https:\/\/www.grundeinkommen-ist-waehlbar.de\/2017-de\/wp-content\/uploads\/sites\/3\/2017\/07\/165594-3x2-original.jpg-e1504460700686.png\" alt=\"\" width=\"50\" height=\"33\" \/><br \/>\n<a href=\"https:\/\/www.grundeinkommen-ist-waehlbar.de\/2017-de\/wp-content\/uploads\/sites\/3\/2017\/07\/MLPD_I_WPS_BTW_2017.pdf\">MLPD_I_WPS_BTW_2017<\/a><br \/>\n<a href=\"https:\/\/www.grundeinkommen-ist-waehlbar.de\/2017-de\/wp-content\/uploads\/sites\/3\/2017\/07\/MLPD_II_WPS_BTW_2017.pdf\">MLPD_II_WPS_BTW_2017<\/a><\/p>\n<p><img loading=\"lazy\" decoding=\"async\" class=\"alignnone size-full wp-image-984\" src=\"https:\/\/www.grundeinkommen-ist-waehlbar.de\/2017-de\/wp-content\/uploads\/sites\/3\/2017\/07\/224x150.pm1_.bgFFFFFF-e1504460772678.png\" alt=\"\" width=\"50\" height=\"33\" \/><br \/>\n<a href=\"https:\/\/www.grundeinkommen-ist-waehlbar.de\/2017-de\/wp-content\/uploads\/sites\/3\/2017\/07\/\u00d6DP_WPS_BTW_2017.pdf\">\u00d6DP_WPS_BTW_2017<\/a><\/p>\n<p><img loading=\"lazy\" decoding=\"async\" class=\"alignnone size-full wp-image-985\" src=\"https:\/\/www.grundeinkommen-ist-waehlbar.de\/2017-de\/wp-content\/uploads\/sites\/3\/2017\/07\/PdH-LogoText-Die-Cyan-auf-Blau-1-480x270-e1504460823481.jpg\" alt=\"\" width=\"50\" height=\"28\" \/><br \/>\n<a href=\"https:\/\/www.grundeinkommen-ist-waehlbar.de\/2017-de\/wp-content\/uploads\/sites\/3\/2017\/07\/ParteiderHumanisten_WPS_BTW_2017.pdf\">ParteiderHumanisten_WPS_BTW_2017<\/a><\/p>\n<p><img loading=\"lazy\" decoding=\"async\" class=\"alignnone size-full wp-image-986\" src=\"https:\/\/www.grundeinkommen-ist-waehlbar.de\/2017-de\/wp-content\/uploads\/sites\/3\/2017\/07\/800px-Logo_print_wo_bg_farbig_1200dpi-e1504623150833.png\" alt=\"\" width=\"98\" height=\"40\" \/><br \/>\n<a href=\"https:\/\/www.grundeinkommen-ist-waehlbar.de\/2017-de\/wp-content\/uploads\/sites\/3\/2017\/07\/Piratenpartei_WPS_BTW_2017.pdf\">Piratenpartei_WPS_BTW_2017<\/a><\/p>\n<p><img loading=\"lazy\" decoding=\"async\" class=\"alignnone size-full wp-image-987\" src=\"https:\/\/www.grundeinkommen-ist-waehlbar.de\/2017-de\/wp-content\/uploads\/sites\/3\/2017\/07\/4000020-e1504460895498.jpg\" alt=\"\" width=\"50\" height=\"50\" \/><br \/>\n<a href=\"https:\/\/www.grundeinkommen-ist-waehlbar.de\/2017-de\/wp-content\/uploads\/sites\/3\/2017\/07\/SPD_WPS_BTW_2017.pdf\">SPD_WPS_BTW_2017<\/a><\/p>\n<p><img loading=\"lazy\" decoding=\"async\" class=\"alignnone size-full wp-image-988\" src=\"https:\/\/www.grundeinkommen-ist-waehlbar.de\/2017-de\/wp-content\/uploads\/sites\/3\/2017\/07\/Logoblau-300x229-e1504460973209.jpg\" alt=\"\" width=\"50\" height=\"38\" \/><br \/>\n<a href=\"https:\/\/www.grundeinkommen-ist-waehlbar.de\/2017-de\/wp-content\/uploads\/sites\/3\/2017\/07\/Tierschutzpartei_WPS_BTW_2017.pdf\">Tierschutzpartei_WPS_BTW_2017<\/a><\/p>\n<p><img loading=\"lazy\" decoding=\"async\" class=\"alignnone size-full wp-image-989\" src=\"https:\/\/www.grundeinkommen-ist-waehlbar.de\/2017-de\/wp-content\/uploads\/sites\/3\/2017\/07\/Logo-TPD-e1504461015296.png\" alt=\"\" width=\"50\" height=\"50\" \/><br \/>\n<a href=\"https:\/\/www.grundeinkommen-ist-waehlbar.de\/2017-de\/wp-content\/uploads\/sites\/3\/2017\/07\/TranshumanePartei_WPS_BTW_2017.pdf\">TranshumanePartei_WPS_BTW_2017<\/a><\/p>\n<p><img loading=\"lazy\" decoding=\"async\" class=\"alignnone size-full wp-image-990\" src=\"https:\/\/www.grundeinkommen-ist-waehlbar.de\/2017-de\/wp-content\/uploads\/sites\/3\/2017\/07\/v-partei-schrift-logo-e1504623180635.png\" alt=\"\" width=\"100\" height=\"34\" \/><br \/>\n<a href=\"https:\/\/www.grundeinkommen-ist-waehlbar.de\/2017-de\/wp-content\/uploads\/sites\/3\/2017\/07\/V-Partei_WPS_BTW_2017.pdf\">V-Partei_WPS_BTW_2017<\/a><\/p>\n<p>&nbsp;<\/p>\n<p><strong>zum Grundeinkommen:<br \/>\n<\/strong><a href=\"https:\/\/www.grundeinkommen.de\" target=\"_blank\" rel=\"noopener noreferrer\">grundeinkommen.de<\/a><a href=\"http:\/\/www.gewerkschafterdialog-grundeinkommen.de\"><br \/>\nwww.gewerkschafterdialog-grundeinkommen.de<\/a><br \/>\n<a href=\"https:\/\/www.kab.de\/themen\/grundeinkommen\/\">www.kab.de<\/a><strong><br \/>\n<\/strong><a href=\"http:\/\/grundeinkommen-attac.de\/index.php?id=1743\">grundeinkommen-attac.de<\/a><br \/>\n<a href=\"http:\/\/www.grundeinkommen.at\" target=\"_blank\" rel=\"noopener noreferrer\">www.grundeinkommen.at<\/a><br \/>\n<a href=\"http:\/\/www.basicincome.org\/bien\/\" target=\"_blank\" rel=\"noopener noreferrer\">www.basicincome.org\/bien\/<\/a><br \/>\n<a href=\"http:\/\/www.grundeinkommen.ch\" target=\"_blank\" rel=\"noopener noreferrer\">www.grundeinkommen.ch<\/a><br \/>\n<a href=\"http:\/\/www.freiheitstattvollbeschaeftigung.de\" target=\"_blank\" rel=\"noopener noreferrer\">www.freiheitstattvollbeschaeftigung.de<\/a><br \/>\n<a href=\"http:\/\/www.unternimm-die-zukunft.de\" target=\"_blank\" rel=\"noopener noreferrer\">www.unternimm-die-zukunft.de<\/a><br \/>\n<a href=\"http:\/\/www.initiative-grundeinkommen.ch\" target=\"_blank\" rel=\"noopener noreferrer\">www.initiative-grundeinkommen.ch<\/a><br \/>\n<a href=\"http:\/\/www.labournet.de\/diskussion\/arbeit\/existenz\/index.html\" target=\"_blank\" rel=\"noopener noreferrer\">www.labournet.de\/diskussion\/arbeit\/existenz\/index.html<\/a><br \/>\n<a href=\"http:\/\/de.wikipedia.org\/wiki\/Grundeinkommen\" target=\"_blank\" rel=\"noopener noreferrer\">Wikipedia-Eintrag &#8222;Grundeinkommen&#8220;<\/a><br \/>\n<a href=\"https:\/\/de.wikipedia.org\/wiki\/Bedingungsloses_Grundeinkommen\">Wikipedia-Eintrag &#8222;Bedingungsloses Grundeinkommen&#8220;<\/a><br \/>\n<a href=\"https:\/\/www.facebook.com\/NetzwerkGrundeinkommen\/\" target=\"_blank\" rel=\"noopener\">Netzwerk Grundeinkommen auf Facebook<\/a><br \/>\n<a href=\"https:\/\/www.facebook.com\/BGrundeinkommen\" target=\"_blank\" rel=\"noopener\">Facebook-Seite &#8222;Bedingungsloses Grundeinkommen&#8220;<\/a><\/p>\n<p><strong>zu Parteien und Grundeinkommen:<\/strong><\/p>\n<p><a href=\"http:\/\/www.gruenes-grundeinkommen.de\">B\u00fcndnis 90 \/ Die Gr\u00fcnen<\/a><br \/>\n<a href=\"http:\/\/www.buendnis-grundeinkommen.de\" target=\"_blank\" rel=\"noopener noreferrer\">B\u00fcndnis Grundeinkommen (BGE)<br \/>\n<\/a><a href=\"http:\/\/www.bergpartei.de\">Bergpartei -Die \u00dcberpartei<\/a><br \/>\n<a href=\"http:\/\/www.die-linke-grundeinkommen.de\"><em>DIE<\/em> <em>LINKE.<\/em><\/a><a href=\"https:\/\/www.neueliberale.org\/\" target=\"_blank\" rel=\"noopener\"><br \/>\n<\/a><a href=\"http:\/\/die-violetten.de\/themen\/finanz-und-wirtschaft\/grundeinkommen\/\">DIE VIOLETTEN<\/a><a href=\"https:\/\/www.neueliberale.org\/\" target=\"_blank\" rel=\"noopener\"><strong><br \/>\n<\/strong>Neue Liberale &#8211; Die Sozialliberalen<\/a><br \/>\n<a href=\"https:\/\/www.oedp.de\/partei\/bundesarbeitskreise\/bak-humanoekologisches-grundeinkommen\/\" target=\"_blank\" rel=\"noopener\">\u00d6kologisch-Demokratische Partei (\u00d6DP)<\/a><a href=\"https:\/\/parteiderhumanisten.de\/wp2\/\" target=\"_blank\" rel=\"noopener\"><strong><br \/>\n<\/strong> Partei der Humanisten<\/a><br \/>\n<a href=\"https:\/\/www.piratenpartei.de\/\">Piratenpartei<\/a><a href=\"https:\/\/www.tierschutzpartei.de\/\"><br \/>\nTierschutzpartei<\/a><\/p>\n<p><strong>zu den parteilosen Kandidierenden:<\/strong><br \/>\n<a href=\"http:\/\/www.abgeordnetenwatch.de\" target=\"_blank\" rel=\"noopener noreferrer\">www.abgeordnetenwatch.de<\/a><\/p>\n<p><strong>zu aktuellen Terminen &amp; Meldungen rund ums Grundeinkommen:<\/strong><br \/>\n<a href=\"http:\/\/aktuelles.archiv-grundeinkommen.de\/\" target=\"_blank\" rel=\"noopener noreferrer\">aktuelles.archiv-grundeinkommen.de\/<\/a><br \/>\n<a href=\"http:\/\/www.grundeinkommen.de\/termine\" target=\"_blank\" rel=\"noopener noreferrer\">www.grundeinkommen.de\/termine<\/a><\/p>\n<p><strong>zur Woche des Grundeinkommens:<\/strong><br \/>\n<a href=\"http:\/\/www.woche-des-grundeinkommens.eu\" target=\"_blank\" rel=\"noopener noreferrer\">www.woche-des-grundeinkommens.eu<\/a><\/p>\n","protected":false},"excerpt":{"rendered":"<p>Viele Medien und Foren bieten lediglich Auswertungen der Wahlprogramme bez\u00fcglich des Grundeinkommens an. Manche befinden Antworten der Parteien im Twitter-Stil f\u00fcr gut. Das Netzwerk Grundeinkommen m\u00f6chte Ihnen hingegen die vollst\u00e4ndigen Antworten,sortiert nach der Abfolge unserer Wahlpr\u00fcfsteine, nicht vorenthalten: Wahlpr\u00fcfsteinsynopse Hier finden Sie die Antworten, sortiert nach den Parteien: Mehr Informationen: zu unseren Wahlpr\u00fcfsteinen: Wahlpr\u00fcfsteine zur &hellip; <\/p>\n<p class=\"link-more\"><a href=\"https:\/\/www.grundeinkommen-ist-waehlbar.de\/2017-de\/infos\/\" class=\"more-link\"><span class=\"screen-reader-text\">\u201eInfos\u201c <\/span>weiterlesen<\/a><\/p>\n","protected":false},"author":1,"featured_media":0,"parent":0,"menu_order":0,"comment_status":"closed","ping_status":"closed","template":"","meta":{"footnotes":""},"class_list":["post-65","page","type-page","status-publish","hentry"],"_links":{"self":[{"href":"https:\/\/www.grundeinkommen-ist-waehlbar.de\/2017-de\/wp-json\/wp\/v2\/pages\/65","targetHints":{"allow":["GET"]}}],"collection":[{"href":"https:\/\/www.grundeinkommen-ist-waehlbar.de\/2017-de\/wp-json\/wp\/v2\/pages"}],"about":[{"href":"https:\/\/www.grundeinkommen-ist-waehlbar.de\/2017-de\/wp-json\/wp\/v2\/types\/page"}],"author":[{"embeddable":true,"href":"https:\/\/www.grundeinkommen-ist-waehlbar.de\/2017-de\/wp-json\/wp\/v2\/users\/1"}],"replies":[{"embeddable":true,"href":"https:\/\/www.grundeinkommen-ist-waehlbar.de\/2017-de\/wp-json\/wp\/v2\/comments?post=65"}],"version-history":[{"count":19,"href":"https:\/\/www.grundeinkommen-ist-waehlbar.de\/2017-de\/wp-json\/wp\/v2\/pages\/65\/revisions"}],"predecessor-version":[{"id":1394,"href":"https:\/\/www.grundeinkommen-ist-waehlbar.de\/2017-de\/wp-json\/wp\/v2\/pages\/65\/revisions\/1394"}],"wp:attachment":[{"href":"https:\/\/www.grundeinkommen-ist-waehlbar.de\/2017-de\/wp-json\/wp\/v2\/media?parent=65"}],"curies":[{"name":"wp","href":"https:\/\/api.w.org\/{rel}","templated":true}]}}