{"id":48,"date":"2017-03-17T11:19:12","date_gmt":"2017-03-17T10:19:12","guid":{"rendered":"http:\/\/www.grundeinkommen-ist-waehlbar.de\/2017\/?page_id=48"},"modified":"2017-03-17T11:19:12","modified_gmt":"2017-03-17T10:19:12","slug":"datenschutz","status":"publish","type":"page","link":"https:\/\/www.grundeinkommen-ist-waehlbar.de\/2017-nrw\/datenschutz\/","title":{"rendered":"Datenschutz"},"content":{"rendered":"<p>Das Netzwerk Grundeinkommen nimmt den Schutz Ihrer pers\u00f6nlichen Daten sehr ernst und h\u00e4lt sich strikt an die Regeln der Datenschutzgesetze. Soweit Sie uns personenbezogene Daten zur Verf\u00fcgung gestellt haben, verwenden wir diese nur zur Beantwortung Ihrer Anfragen, zur Abwicklung der damit verbundenen Verwaltungsaufgaben und f\u00fcr die technische Administration. In keinem Fall werden die erhobenen Daten verkauft oder aus anderen Gr\u00fcnden an Dritte weitergegeben.<\/p>\n<p>Die nachfolgende Erkl\u00e4rung gibt Ihnen einen \u00dcberblick dar\u00fcber, wie wir diesen Schutz gew\u00e4hrleisten und welche Art von Daten zu welchem Zweck erhoben werden.<\/p>\n<p><strong>Datenverarbeitung auf dieser Internetseite <\/strong><br \/>\nDas Netzwerk Grundeinkommen erhebt und speichert automatisch in ihren Server Log Files Informationen, die Ihr Browser an uns \u00fcbermittelt. Dies sind:<\/p>\n<ul style=\"margin-top: -1em;margin-bottom: 1em\">\n<li>Browsertyp\/ -version<\/li>\n<li>verwendetes Betriebssystem<\/li>\n<li>Referrer URL (die zuvor besuchte Seite)<\/li>\n<li>Hostname des zugreifenden Rechners (IP Adresse)<\/li>\n<li>Uhrzeit der Serveranfrage.<\/li>\n<\/ul>\n<p>Diese Daten sind f\u00fcr das Netzwerk Grundeinkommen nicht bestimmten Personen zuordenbar. Eine Zusammenf\u00fchrung dieser Daten mit anderen Datenquellen wird nicht vorgenommen.<\/p>\n<p>Weitergehende personenbezogene Daten werden nur erfasst, wenn Sie diese Angaben freiwillig, etwa im Rahmen einer Anfrage oder Registrierung, machen.<\/p>\n<p>Die gespeicherten personenbezogenen Daten werden gel\u00f6scht, wenn Sie Ihre Einwilligung zur Speicherung widerrufen, wenn ihre Kenntnis zur Erf\u00fcllung des mit der Speicherung verfolgten Zwecks nicht mehr erforderlich ist oder wenn ihre Speicherung aus sonstigen gesetzlichen Gr\u00fcnden unzul\u00e4ssig ist.<\/p>\n<p><strong>Cookies<\/strong><br \/>\nDie Internetseiten verwenden an mehreren Stellen so genannte Cookies. Sie dienen dazu, unser Angebot nutzerfreundlicher, effektiver und sicherer zu machen. Cookies sind kleine Textdateien, die auf Ihrem Rechner abgelegt werden und die Ihr Browser speichert. Die meisten der von uns verwendeten Cookies sind so genannte \u201eSession-Cookies\u201c. Cookies richten auf Ihrem Rechner keinen Schaden an und enthalten keine Viren.<br \/>\nSie k\u00f6nnen diese auch in Ihrem Browser l\u00f6schen oder deaktivieren.<\/p>\n<p><strong>Kommentare, E-Mails<\/strong><br \/>\nSelbstverst\u00e4ndlich erfassen und speichern wir auch Kommentare und E-Mails, die Sie auf den Seiten des Netzwerk Grundeinkommen eingeben oder uns in sonstiger Weise zukommen lassen. Das betrifft etwa Kommentare, Namen, E-Mail-Adressen und URLs, die Sie in die entsprechenden Kommentarfelder eintragen. Diese Angaben geschehen freiwillig. Die Verwendung von Pseudonymen etc. ist m\u00f6glich. Wir weisen darauf hin, dass Name, angegebene Webseite und Kommentare f\u00fcr jeden Benutzer der Seite einzusehen sind.<br \/>\nDie Daten, die Sie uns per E-mail zusenden, werden ebenfalls erfasst und gespeichert.<\/p>\n<p><strong>Auskunftsrecht<\/strong><br \/>\nSie haben jederzeit das Recht auf Auskunft \u00fcber die bez\u00fcglich Ihrer Person gespeicherten Daten, deren Herkunft und Empf\u00e4nger sowie den Zweck der Speicherung. Diese k\u00f6nnen Sie gerne per E-Mail anfordern.<\/p>\n<p><strong>Sicherheitshinweis<\/strong><br \/>\nWir sind bem\u00fcht, Ihre personenbezogenen Daten durch Ergreifung aller technischen und organisatorischen M\u00f6glichkeiten so zu speichern, dass sie f\u00fcr Dritte nicht zug\u00e4nglich sind. Bei der Kommunikation per E-Mail kann die vollst\u00e4ndige Datensicherheit von uns nicht gew\u00e4hrleistet werden, so dass wir Ihnen bei vertraulichen Informationen den Postweg empfehlen.<\/p>\n","protected":false},"excerpt":{"rendered":"<p>Das Netzwerk Grundeinkommen nimmt den Schutz Ihrer pers\u00f6nlichen Daten sehr ernst und h\u00e4lt sich strikt an die Regeln der Datenschutzgesetze. Soweit Sie uns personenbezogene Daten zur Verf\u00fcgung gestellt haben, verwenden wir diese nur zur Beantwortung Ihrer Anfragen, zur Abwicklung der damit verbundenen Verwaltungsaufgaben und f\u00fcr die technische Administration. In keinem Fall werden die erhobenen Daten &hellip; <\/p>\n<p class=\"link-more\"><a href=\"https:\/\/www.grundeinkommen-ist-waehlbar.de\/2017-nrw\/datenschutz\/\" class=\"more-link\"><span class=\"screen-reader-text\">\u201eDatenschutz\u201c <\/span>weiterlesen<\/a><\/p>\n","protected":false},"author":1,"featured_media":0,"parent":0,"menu_order":0,"comment_status":"closed","ping_status":"closed","template":"","meta":{"footnotes":""},"class_list":["post-48","page","type-page","status-publish","hentry"],"_links":{"self":[{"href":"https:\/\/www.grundeinkommen-ist-waehlbar.de\/2017-nrw\/wp-json\/wp\/v2\/pages\/48","targetHints":{"allow":["GET"]}}],"collection":[{"href":"https:\/\/www.grundeinkommen-ist-waehlbar.de\/2017-nrw\/wp-json\/wp\/v2\/pages"}],"about":[{"href":"https:\/\/www.grundeinkommen-ist-waehlbar.de\/2017-nrw\/wp-json\/wp\/v2\/types\/page"}],"author":[{"embeddable":true,"href":"https:\/\/www.grundeinkommen-ist-waehlbar.de\/2017-nrw\/wp-json\/wp\/v2\/users\/1"}],"replies":[{"embeddable":true,"href":"https:\/\/www.grundeinkommen-ist-waehlbar.de\/2017-nrw\/wp-json\/wp\/v2\/comments?post=48"}],"version-history":[{"count":0,"href":"https:\/\/www.grundeinkommen-ist-waehlbar.de\/2017-nrw\/wp-json\/wp\/v2\/pages\/48\/revisions"}],"wp:attachment":[{"href":"https:\/\/www.grundeinkommen-ist-waehlbar.de\/2017-nrw\/wp-json\/wp\/v2\/media?parent=48"}],"curies":[{"name":"wp","href":"https:\/\/api.w.org\/{rel}","templated":true}]}}