{"id":30,"date":"2018-09-08T14:20:00","date_gmt":"2018-09-08T12:20:00","guid":{"rendered":"http:\/\/www.grundeinkommen-ist-waehlbar.de\/2018-he\/?page_id=30"},"modified":"2018-09-08T14:20:44","modified_gmt":"2018-09-08T12:20:44","slug":"parteien","status":"publish","type":"page","link":"https:\/\/www.grundeinkommen-ist-waehlbar.de\/2018-he\/parteien\/","title":{"rendered":"Parteien"},"content":{"rendered":"<p>In welchen Parteien ist Grundeinkommen w\u00e4hlbar? Wie stehen die parteilosen Kandidatinnen und Kandidaten zum Grundeinkommen und wie die Kandidierenden der Parteien? Sie m\u00f6chten mehr erfahren zum Kandidaten\/zur Kandidatin Ihrer Wahl? Ein Link zur jeweiligen Homepage ist in vielen Profilen zu finden.<\/p>\n\t<li class=\"cat-item cat-item-6\"><a href=\"https:\/\/www.grundeinkommen-ist-waehlbar.de\/2018-he\/partei\/buendnis-90-die-gruenen\/\">B\u00fcndnis 90\/Die Gr\u00fcnen<\/a>\n<\/li>\n\t<li class=\"cat-item cat-item-18\"><a href=\"https:\/\/www.grundeinkommen-ist-waehlbar.de\/2018-he\/partei\/buendnis-c-christen-fuer-deutschland\/\">B\u00fcndnis C \u2013\u00a0Christen f\u00fcr Deutschland<\/a>\n<\/li>\n\t<li class=\"cat-item cat-item-19\"><a href=\"https:\/\/www.grundeinkommen-ist-waehlbar.de\/2018-he\/partei\/buendnis-grundeinkommen\/\" title=\"Das Ziel vom B\u00fcndnis Grundeinkommen (BGE) ist die Einf\u00fchrung des Bedingungslosen Grundeinkommens:\r\n\r\nEben dieses Ziel betrifft die Gesellschaft umfassend. Ein Bedingungsloses Grundeinkommen ber\u00fchrt viele Bereiche des politischen, gesellschaftlichen und allt\u00e4glichen Lebens. Dar\u00fcber hinaus ist ein Bedingungsloses Grundeinkommen eine Idee mit vielen Facetten: In Fragen des Finanzierungsmodells, der H\u00f6he, der Umsetzung oder begleitender Ma\u00dfnahmen gibt es viele verschiedene Ans\u00e4tze. Deshalb muss ein Bedingungsloses Grundeinkommen ebenso vielf\u00e4ltig diskutiert werden.\r\n\r\nIndem wir eine Ein-Themen-Partei sind, kann jede einzelne Stimme f\u00fcr das B\u00fcndnis Grundeinkommen als ein eindeutiges und nachdr\u00fcckliches Ja! f\u00fcr die Thematisierung des Bedingungslosen Grundeinkommens in den Parlamenten erkannt werden.\">B\u00fcndnis Grundeinkommen (BGE)<\/a>\n<\/li>\n\t<li class=\"cat-item cat-item-23\"><a href=\"https:\/\/www.grundeinkommen-ist-waehlbar.de\/2018-he\/partei\/partei-der-humanisten\/\">Partei der Humanisten<\/a>\n<\/li>\n\t<li class=\"cat-item cat-item-24\"><a href=\"https:\/\/www.grundeinkommen-ist-waehlbar.de\/2018-he\/partei\/partei-fuer-gesundheitsforschung\/\">Partei f\u00fcr Gesundheitsforschung<\/a>\n<\/li>\n\t<li class=\"cat-item cat-item-10\"><a href=\"https:\/\/www.grundeinkommen-ist-waehlbar.de\/2018-he\/partei\/piratenpartei-deutschland\/\">Piratenpartei Deutschland<\/a>\n<\/li>\n\n","protected":false},"excerpt":{"rendered":"<p>In welchen Parteien ist Grundeinkommen w\u00e4hlbar? Wie stehen die parteilosen Kandidatinnen und Kandidaten zum Grundeinkommen und wie die Kandidierenden der Parteien? Sie m\u00f6chten mehr erfahren zum Kandidaten\/zur Kandidatin Ihrer Wahl? Ein Link zur jeweiligen Homepage ist in vielen Profilen zu finden.<\/p>\n","protected":false},"author":5,"featured_media":0,"parent":0,"menu_order":0,"comment_status":"closed","ping_status":"closed","template":"","meta":{"footnotes":""},"class_list":["post-30","page","type-page","status-publish","hentry"],"_links":{"self":[{"href":"https:\/\/www.grundeinkommen-ist-waehlbar.de\/2018-he\/wp-json\/wp\/v2\/pages\/30","targetHints":{"allow":["GET"]}}],"collection":[{"href":"https:\/\/www.grundeinkommen-ist-waehlbar.de\/2018-he\/wp-json\/wp\/v2\/pages"}],"about":[{"href":"https:\/\/www.grundeinkommen-ist-waehlbar.de\/2018-he\/wp-json\/wp\/v2\/types\/page"}],"author":[{"embeddable":true,"href":"https:\/\/www.grundeinkommen-ist-waehlbar.de\/2018-he\/wp-json\/wp\/v2\/users\/5"}],"replies":[{"embeddable":true,"href":"https:\/\/www.grundeinkommen-ist-waehlbar.de\/2018-he\/wp-json\/wp\/v2\/comments?post=30"}],"version-history":[{"count":2,"href":"https:\/\/www.grundeinkommen-ist-waehlbar.de\/2018-he\/wp-json\/wp\/v2\/pages\/30\/revisions"}],"predecessor-version":[{"id":32,"href":"https:\/\/www.grundeinkommen-ist-waehlbar.de\/2018-he\/wp-json\/wp\/v2\/pages\/30\/revisions\/32"}],"wp:attachment":[{"href":"https:\/\/www.grundeinkommen-ist-waehlbar.de\/2018-he\/wp-json\/wp\/v2\/media?parent=30"}],"curies":[{"name":"wp","href":"https:\/\/api.w.org\/{rel}","templated":true}]}}