{"id":11,"date":"2019-07-19T10:33:26","date_gmt":"2019-07-19T08:33:26","guid":{"rendered":"http:\/\/www.grundeinkommen-ist-waehlbar.de\/2019-bb\/?page_id=11"},"modified":"2019-07-26T17:11:15","modified_gmt":"2019-07-26T15:11:15","slug":"impressum","status":"publish","type":"page","link":"https:\/\/www.grundeinkommen-ist-waehlbar.de\/2019-bb\/impressum\/","title":{"rendered":"Impressum"},"content":{"rendered":"\n<p>Die Internet-Seiten des Netzwerks Grundeinkommen sind eine \u00fcberparteiliche Plattform mit Informationsangeboten zum Thema <em>Grundeinkommen ist w\u00e4hlbar<\/em>.<\/p>\n\n\n\n<p><strong>Anregungen, Kritik und Hinweise richten Sie bitte an: <\/strong><a href=\"mailto:info@grundeinkommen-ist-waehlbar.de\">info@grundeinkommen-ist-waehlbar.de<\/a><\/p>\n\n\n\n<p><strong>Redaktion:<\/strong><br><a href=\"https:\/\/www.grundeinkommen.de\/ueber-uns\/der-netzwerkrat-2#reiners\">J\u00f6rg Reiners<\/a> (verantwortlicher Redakteur)<br>Michael Levedag<br><\/p>\n\n\n\n<p><strong>Anbieter<\/strong> dieser Website im Sinne des TMG:<br>Verein zur F\u00f6rderung des bedingungslosen Grundeinkommens e.V.<br>Vinetaplatz 3<br>13355 Berlin<\/p>\n\n\n\n<p>Vereinsregister Amtsgericht Berlin-Charlottenburg VR 25723 B<br>Steuernummer beim Finanzamt f\u00fcr K\u00f6rperschaften I: 27\/68070709<\/p>\n\n\n\n<p><strong>Inhalte:<\/strong><\/p>\n\n\n\n<p>Mit Autorennamen gekennzeichnete Beitr\u00e4ge verantworten die jeweiligen Verfasser. Verweise auf andere Internetseiten erfolgen zu Informationszwecken und beinhalten keine Empfehlung oder Parteinahme. Die Verantwortung f\u00fcr die Inhalte externer Internetseiten tragen deren Betreiber.<\/p>\n\n\n\n<p>Beitr\u00e4ge f\u00fcr die Internet-Seiten des Netzwerks Grundeinkommen sollen stets Texte zur Erstver\u00f6ffentlichung sein. Mit der Einsendung eines Textes erkl\u00e4rt die einsendende Person oder Institution, dass sie \u00fcber die Ver\u00f6ffentlichungsrechte verf\u00fcgt und diese dem Netzwerk Grundeinkommen zeitlich unbegrenzt zur Publikation des betreffenden Textes ggf. auch als Download-Angebot \u00fcbertr\u00e4gt.<\/p>\n\n\n\n<p>Unverlangt zur Ver\u00f6ffentlichung eingesandte Texte werden von der Redaktion im Rahmen der M\u00f6glichkeiten gepr\u00fcft. Die Redaktion entscheidet gem\u00e4\u00df ihren Regularien, ob und an welcher Stelle eine Ver\u00f6ffentlichung erfolgt und beh\u00e4lt sich vor, Beitr\u00e4ge sowie Kommentare zu Beitr\u00e4gen zu k\u00fcrzen oder unver\u00f6ffentlicht zu lassen, ohne eine solche Entscheidung zu begr\u00fcnden.<\/p>\n\n\n\n<p><strong>Header-Bild:<\/strong><\/p>\n\n\n\n<p><a href=\"http:\/\/www.grundeinkommen-ist-waehlbar.de\/2019-bb\/wp-content\/uploads\/sites\/9\/2019\/07\/Potsdam_Stadtschloss.jpg\">Diese Datei<\/a> ist unter der \u201e<a href=\"http:\/\/artlibre.org\/licence\/lal\/de\/\">Lizenz Freie Kunst 1.1<\/a>\u201c lizenziert.<\/p>\n\n\n\n<p>Namensnennung: <a href=\"https:\/\/commons.wikimedia.org\/wiki\/User:A.Savin\">\u00a9&nbsp;A.Savin, WikiCommons<\/a><\/p>\n\n\n\n<p><strong>Haftungshinweis:<\/strong><\/p>\n\n\n\n<p>Trotz sorgf\u00e4ltiger inhaltlicher Kontrolle \u00fcbernehmen wir keine Haftung f\u00fcr die Inhalte externer Links. F\u00fcr den Inhalt der verlinkten Seiten sind ausschlie\u00dflich deren Betreiber verantwortlich.<\/p>\n\n\n\n<p><strong>Webdesign und Programmierung:<\/strong><\/p>\n\n\n\n<p>Derek Leach und Axel Kohout<\/p>\n\n\n\n<p><a href=\"http:\/\/www.grundeinkommen-ist-waehlbar.de\/2018-by\/datenschutzerklaerung\/\"><strong>Datenschutzerkl\u00e4rung<\/strong><\/a><\/p>\n","protected":false},"excerpt":{"rendered":"<p>Die Internet-Seiten des Netzwerks Grundeinkommen sind eine \u00fcberparteiliche Plattform mit Informationsangeboten zum Thema Grundeinkommen ist w\u00e4hlbar. Anregungen, Kritik und Hinweise richten Sie bitte an: info@grundeinkommen-ist-waehlbar.de Redaktion:J\u00f6rg Reiners (verantwortlicher Redakteur)Michael Levedag Anbieter dieser Website im Sinne des TMG:Verein zur F\u00f6rderung des bedingungslosen Grundeinkommens e.V.Vinetaplatz 313355 Berlin Vereinsregister Amtsgericht Berlin-Charlottenburg VR 25723 BSteuernummer beim Finanzamt f\u00fcr K\u00f6rperschaften &hellip; <\/p>\n<p class=\"link-more\"><a href=\"https:\/\/www.grundeinkommen-ist-waehlbar.de\/2019-bb\/impressum\/\" class=\"more-link\"><span class=\"screen-reader-text\">\u201eImpressum\u201c <\/span>weiterlesen<\/a><\/p>\n","protected":false},"author":1,"featured_media":0,"parent":0,"menu_order":0,"comment_status":"closed","ping_status":"closed","template":"","meta":{"footnotes":""},"class_list":["post-11","page","type-page","status-publish","hentry"],"_links":{"self":[{"href":"https:\/\/www.grundeinkommen-ist-waehlbar.de\/2019-bb\/wp-json\/wp\/v2\/pages\/11","targetHints":{"allow":["GET"]}}],"collection":[{"href":"https:\/\/www.grundeinkommen-ist-waehlbar.de\/2019-bb\/wp-json\/wp\/v2\/pages"}],"about":[{"href":"https:\/\/www.grundeinkommen-ist-waehlbar.de\/2019-bb\/wp-json\/wp\/v2\/types\/page"}],"author":[{"embeddable":true,"href":"https:\/\/www.grundeinkommen-ist-waehlbar.de\/2019-bb\/wp-json\/wp\/v2\/users\/1"}],"replies":[{"embeddable":true,"href":"https:\/\/www.grundeinkommen-ist-waehlbar.de\/2019-bb\/wp-json\/wp\/v2\/comments?post=11"}],"version-history":[{"count":2,"href":"https:\/\/www.grundeinkommen-ist-waehlbar.de\/2019-bb\/wp-json\/wp\/v2\/pages\/11\/revisions"}],"predecessor-version":[{"id":85,"href":"https:\/\/www.grundeinkommen-ist-waehlbar.de\/2019-bb\/wp-json\/wp\/v2\/pages\/11\/revisions\/85"}],"wp:attachment":[{"href":"https:\/\/www.grundeinkommen-ist-waehlbar.de\/2019-bb\/wp-json\/wp\/v2\/media?parent=11"}],"curies":[{"name":"wp","href":"https:\/\/api.w.org\/{rel}","templated":true}]}}