{"id":21,"date":"2019-07-19T10:43:16","date_gmt":"2019-07-19T08:43:16","guid":{"rendered":"http:\/\/www.grundeinkommen-ist-waehlbar.de\/2019-bb\/?page_id=21"},"modified":"2019-07-19T10:43:16","modified_gmt":"2019-07-19T08:43:16","slug":"mitglied-werden-im-netzwerk-grundeinkommen","status":"publish","type":"page","link":"https:\/\/www.grundeinkommen-ist-waehlbar.de\/2019-bb\/mitglied-werden-im-netzwerk-grundeinkommen\/","title":{"rendered":"Mitglied werden im Netzwerk Grundeinkommen"},"content":{"rendered":"\n<p>Unterst\u00fctzen Sie die Arbeit des Netzwerks Grundeinkommen und werden Sie Mitglied: <a href=\"http:\/\/www.grundeinkommen.de\/mitglied-werden\" target=\"_blank\" rel=\"noreferrer noopener\">http:\/\/www.grundeinkommen.de\/mitglied-werden<\/a><\/p>\n\n\n\n<p>Die Mitgliedschaft erwirbt man durch eine online-Beitrittserkl\u00e4rung gegen\u00fcber dem Netzwerkrat. Mitglieder k\u00f6nnen neben nat\u00fcrlichen Personen auch Organisationen und Verb\u00e4nde werden, jedoch keine politischen Parteien.<\/p>\n\n\n\n<p>F\u00fcr Personen:<br><a href=\"https:\/\/www.grundeinkommen.de\/admidio\/adm_program\/modules\/profile\/profile_new.php?new_user=2&amp;art=2\" target=\"_blank\" rel=\"noreferrer noopener\">https:\/\/www.grundeinkommen.de\/admidio\/adm_program\/modules\/profile\/profile_new.php?new_user=2&amp;art=2<\/a><\/p>\n\n\n\n<p>F\u00fcr Organisationen:<br><a href=\"https:\/\/www.grundeinkommen.de\/admidio\/adm_program\/modules\/profile\/profile_new.php?new_user=2&amp;art=3\" target=\"_blank\" rel=\"noreferrer noopener\">https:\/\/www.grundeinkommen.de\/admidio\/adm_program\/modules\/profile\/profile_new.php?new_user=2&amp;art=3<\/a><\/p>\n\n\n\n<p>Sollte die Online-Registrierung nicht m\u00f6glich oder erw\u00fcnscht sein, kann hier ein Formular im PDF-Format heruntergeladen werden: <a href=\"https:\/\/www.grundeinkommen.de\/content\/uploads\/2012\/11\/beitrittsformular_netzwerk_121128.pdf\">https:\/\/www.grundeinkommen.de\/content\/uploads\/2012\/11\/beitrittsformular_netzwerk_121128.pdf<\/a> und ausgef\u00fcllt per Post eingeschickt werden.<\/p>\n","protected":false},"excerpt":{"rendered":"<p>Unterst\u00fctzen Sie die Arbeit des Netzwerks Grundeinkommen und werden Sie Mitglied: http:\/\/www.grundeinkommen.de\/mitglied-werden Die Mitgliedschaft erwirbt man durch eine online-Beitrittserkl\u00e4rung gegen\u00fcber dem Netzwerkrat. Mitglieder k\u00f6nnen neben nat\u00fcrlichen Personen auch Organisationen und Verb\u00e4nde werden, jedoch keine politischen Parteien. F\u00fcr Personen:https:\/\/www.grundeinkommen.de\/admidio\/adm_program\/modules\/profile\/profile_new.php?new_user=2&amp;art=2 F\u00fcr Organisationen:https:\/\/www.grundeinkommen.de\/admidio\/adm_program\/modules\/profile\/profile_new.php?new_user=2&amp;art=3 Sollte die Online-Registrierung nicht m\u00f6glich oder erw\u00fcnscht sein, kann hier ein Formular im PDF-Format heruntergeladen &hellip; <\/p>\n<p class=\"link-more\"><a href=\"https:\/\/www.grundeinkommen-ist-waehlbar.de\/2019-bb\/mitglied-werden-im-netzwerk-grundeinkommen\/\" class=\"more-link\"><span class=\"screen-reader-text\">\u201eMitglied werden im Netzwerk Grundeinkommen\u201c <\/span>weiterlesen<\/a><\/p>\n","protected":false},"author":1,"featured_media":0,"parent":0,"menu_order":0,"comment_status":"closed","ping_status":"closed","template":"","meta":{"footnotes":""},"class_list":["post-21","page","type-page","status-publish","hentry"],"_links":{"self":[{"href":"https:\/\/www.grundeinkommen-ist-waehlbar.de\/2019-bb\/wp-json\/wp\/v2\/pages\/21","targetHints":{"allow":["GET"]}}],"collection":[{"href":"https:\/\/www.grundeinkommen-ist-waehlbar.de\/2019-bb\/wp-json\/wp\/v2\/pages"}],"about":[{"href":"https:\/\/www.grundeinkommen-ist-waehlbar.de\/2019-bb\/wp-json\/wp\/v2\/types\/page"}],"author":[{"embeddable":true,"href":"https:\/\/www.grundeinkommen-ist-waehlbar.de\/2019-bb\/wp-json\/wp\/v2\/users\/1"}],"replies":[{"embeddable":true,"href":"https:\/\/www.grundeinkommen-ist-waehlbar.de\/2019-bb\/wp-json\/wp\/v2\/comments?post=21"}],"version-history":[{"count":1,"href":"https:\/\/www.grundeinkommen-ist-waehlbar.de\/2019-bb\/wp-json\/wp\/v2\/pages\/21\/revisions"}],"predecessor-version":[{"id":22,"href":"https:\/\/www.grundeinkommen-ist-waehlbar.de\/2019-bb\/wp-json\/wp\/v2\/pages\/21\/revisions\/22"}],"wp:attachment":[{"href":"https:\/\/www.grundeinkommen-ist-waehlbar.de\/2019-bb\/wp-json\/wp\/v2\/media?parent=21"}],"curies":[{"name":"wp","href":"https:\/\/api.w.org\/{rel}","templated":true}]}}