{"id":23,"date":"2019-07-19T10:43:55","date_gmt":"2019-07-19T08:43:55","guid":{"rendered":"http:\/\/www.grundeinkommen-ist-waehlbar.de\/2019-bb\/?page_id=23"},"modified":"2019-07-19T10:43:55","modified_gmt":"2019-07-19T08:43:55","slug":"spenden","status":"publish","type":"page","link":"https:\/\/www.grundeinkommen-ist-waehlbar.de\/2019-bb\/spenden\/","title":{"rendered":"Spenden"},"content":{"rendered":"\n<p>Die Website <a href=\"http:\/\/www.grundeinkommen-ist-waehlbar.de\/2017\/\">www.grundeinkommen-ist-waehlbar.de<\/a> ist ein Online-Angebot des Netzwerks Grundeinkommen. Dieses ist kein Verein, sondern Teil der B\u00fcrgerbewegung f\u00fcr eine bessere und gerechtere Sozialpolitik mit einem bedingungslosen Grundeinkommen. Jeder, der die vier Kriterien f\u00fcr ein bedingungsloses Grundeinkommen (existenz- und teilhabesichernd, individuell, ohne Bed\u00fcrftigkeitspr\u00fcfung und ohne Arbeitszwang) unterst\u00fctzt, kann Mitglied des Netzwerks werden.<br>Das Netzwerk lebt vom Engagement seiner Mitglieder im Gesamtnetzwerk und in den regionalen Grundeinkommensinitiativen. Gleichwohl ben\u00f6tigen wir zur Entwicklung und Umsetzungen unserer Ideen auch finanzielle Ressourcen.<\/p>\n\n\n\n<p>Das Netzwerk ist auf Ihre Hilfe und Ihr Engagement angewiesen. Helfen Sie uns mit Ihrer Spende oder Ihrem F\u00f6rderbeitrag, um die Idee des Bedingungslosen Grundeinkommens weiter zu verbreiten und Realit\u00e4t werden zu lassen.<\/p>\n\n\n\n<p>Unsere Bankverbindung (GLS-Bank) lautet:<br>Verein zur F\u00f6rderung des bedingungslosen Grundeinkommens e.V.<br>Veilchenweg 6<br>74360 Ilsfeld<\/p>\n\n\n\n<p>IBAN: DE 63430609674022621500<br>BIC: GENODEM1GLS<\/p>\n","protected":false},"excerpt":{"rendered":"<p>Die Website www.grundeinkommen-ist-waehlbar.de ist ein Online-Angebot des Netzwerks Grundeinkommen. Dieses ist kein Verein, sondern Teil der B\u00fcrgerbewegung f\u00fcr eine bessere und gerechtere Sozialpolitik mit einem bedingungslosen Grundeinkommen. Jeder, der die vier Kriterien f\u00fcr ein bedingungsloses Grundeinkommen (existenz- und teilhabesichernd, individuell, ohne Bed\u00fcrftigkeitspr\u00fcfung und ohne Arbeitszwang) unterst\u00fctzt, kann Mitglied des Netzwerks werden.Das Netzwerk lebt vom Engagement &hellip; <\/p>\n<p class=\"link-more\"><a href=\"https:\/\/www.grundeinkommen-ist-waehlbar.de\/2019-bb\/spenden\/\" class=\"more-link\"><span class=\"screen-reader-text\">\u201eSpenden\u201c <\/span>weiterlesen<\/a><\/p>\n","protected":false},"author":1,"featured_media":0,"parent":0,"menu_order":0,"comment_status":"closed","ping_status":"closed","template":"","meta":{"footnotes":""},"class_list":["post-23","page","type-page","status-publish","hentry"],"_links":{"self":[{"href":"https:\/\/www.grundeinkommen-ist-waehlbar.de\/2019-bb\/wp-json\/wp\/v2\/pages\/23","targetHints":{"allow":["GET"]}}],"collection":[{"href":"https:\/\/www.grundeinkommen-ist-waehlbar.de\/2019-bb\/wp-json\/wp\/v2\/pages"}],"about":[{"href":"https:\/\/www.grundeinkommen-ist-waehlbar.de\/2019-bb\/wp-json\/wp\/v2\/types\/page"}],"author":[{"embeddable":true,"href":"https:\/\/www.grundeinkommen-ist-waehlbar.de\/2019-bb\/wp-json\/wp\/v2\/users\/1"}],"replies":[{"embeddable":true,"href":"https:\/\/www.grundeinkommen-ist-waehlbar.de\/2019-bb\/wp-json\/wp\/v2\/comments?post=23"}],"version-history":[{"count":1,"href":"https:\/\/www.grundeinkommen-ist-waehlbar.de\/2019-bb\/wp-json\/wp\/v2\/pages\/23\/revisions"}],"predecessor-version":[{"id":24,"href":"https:\/\/www.grundeinkommen-ist-waehlbar.de\/2019-bb\/wp-json\/wp\/v2\/pages\/23\/revisions\/24"}],"wp:attachment":[{"href":"https:\/\/www.grundeinkommen-ist-waehlbar.de\/2019-bb\/wp-json\/wp\/v2\/media?parent=23"}],"curies":[{"name":"wp","href":"https:\/\/api.w.org\/{rel}","templated":true}]}}