{"id":37,"date":"2019-07-19T11:38:37","date_gmt":"2019-07-19T09:38:37","guid":{"rendered":"http:\/\/www.grundeinkommen-ist-waehlbar.de\/2019-bb\/?page_id=37"},"modified":"2020-01-16T10:51:19","modified_gmt":"2020-01-16T09:51:19","slug":"kandidieren","status":"publish","type":"page","link":"https:\/\/www.grundeinkommen-ist-waehlbar.de\/2019-bb\/kandidieren\/","title":{"rendered":"Kandidieren"},"content":{"rendered":"\n<h2 class=\"wp-block-heading\">Ich kandidiere zur Landtagswahl in Brandenburg und unterst\u00fctze die Forderung nach einem Grundeinkommen<\/h2>\n\n\n\n<ul class=\"wp-block-list\"><li>das existenzsichernd ist und gesellschaftliche Teilhabe erm\u00f6glicht,<\/li><li>auf das ein individueller Rechtsanspruch besteht,<\/li><li>das ohne Bed\u00fcrftigkeitspr\u00fcfung und<\/li><li>ohne Zwang zu Arbeit oder anderen Gegenleistungen<\/li><\/ul>\n\n\n\n<p>garantiert wird.<\/p>\n\n\n\n<h3 class=\"wp-block-heading\">Die Wahl ist jetzt vorbei, es ist nicht mehr m\u00f6glich ein Profil hochzuladen.<\/h3>\n","protected":false},"excerpt":{"rendered":"<p>Ich kandidiere zur Landtagswahl in Brandenburg und unterst\u00fctze die Forderung nach einem Grundeinkommen das existenzsichernd ist und gesellschaftliche Teilhabe erm\u00f6glicht, auf das ein individueller Rechtsanspruch besteht, das ohne Bed\u00fcrftigkeitspr\u00fcfung und ohne Zwang zu Arbeit oder anderen Gegenleistungen garantiert wird. Die Wahl ist jetzt vorbei, es ist nicht mehr m\u00f6glich ein Profil hochzuladen.<\/p>\n","protected":false},"author":1,"featured_media":0,"parent":0,"menu_order":0,"comment_status":"closed","ping_status":"closed","template":"","meta":{"footnotes":""},"class_list":["post-37","page","type-page","status-publish","hentry"],"_links":{"self":[{"href":"https:\/\/www.grundeinkommen-ist-waehlbar.de\/2019-bb\/wp-json\/wp\/v2\/pages\/37","targetHints":{"allow":["GET"]}}],"collection":[{"href":"https:\/\/www.grundeinkommen-ist-waehlbar.de\/2019-bb\/wp-json\/wp\/v2\/pages"}],"about":[{"href":"https:\/\/www.grundeinkommen-ist-waehlbar.de\/2019-bb\/wp-json\/wp\/v2\/types\/page"}],"author":[{"embeddable":true,"href":"https:\/\/www.grundeinkommen-ist-waehlbar.de\/2019-bb\/wp-json\/wp\/v2\/users\/1"}],"replies":[{"embeddable":true,"href":"https:\/\/www.grundeinkommen-ist-waehlbar.de\/2019-bb\/wp-json\/wp\/v2\/comments?post=37"}],"version-history":[{"count":3,"href":"https:\/\/www.grundeinkommen-ist-waehlbar.de\/2019-bb\/wp-json\/wp\/v2\/pages\/37\/revisions"}],"predecessor-version":[{"id":125,"href":"https:\/\/www.grundeinkommen-ist-waehlbar.de\/2019-bb\/wp-json\/wp\/v2\/pages\/37\/revisions\/125"}],"wp:attachment":[{"href":"https:\/\/www.grundeinkommen-ist-waehlbar.de\/2019-bb\/wp-json\/wp\/v2\/media?parent=37"}],"curies":[{"name":"wp","href":"https:\/\/api.w.org\/{rel}","templated":true}]}}