{"id":42,"date":"2019-07-19T11:43:22","date_gmt":"2019-07-19T09:43:22","guid":{"rendered":"http:\/\/www.grundeinkommen-ist-waehlbar.de\/2019-bb\/?page_id=42"},"modified":"2019-07-19T11:43:22","modified_gmt":"2019-07-19T09:43:22","slug":"kandidierende","status":"publish","type":"page","link":"https:\/\/www.grundeinkommen-ist-waehlbar.de\/2019-bb\/kandidierende\/","title":{"rendered":"Kandidierende"},"content":{"rendered":"\n<p>Gibt es in Ihrem Wahlkreis eine\/n Kandidierenden, der\/die sich f\u00fcr ein bedingungsloses Grundeinkommen ausspricht? Wo k\u00f6nnen Sie Grundeinkommen w\u00e4hlen? Hier werden nur Wahlkreise angezeigt, in denen mindestens ein\/e Kandidat\/in f\u00fcr das Grundeinkommen ist. Finden Sie Kandidierende, indem Sie den entsprechenden Wahlkreis anklicken:<\/p>\n\n\n\t<li class=\"cat-item cat-item-21\"><a href=\"https:\/\/www.grundeinkommen-ist-waehlbar.de\/2019-bb\/wahlkreis\/07-overhavel-i\/\">07 Overhavel I<\/a>\n<\/li>\n\t<li class=\"cat-item cat-item-22\"><a href=\"https:\/\/www.grundeinkommen-ist-waehlbar.de\/2019-bb\/wahlkreis\/08-oberhavel-ii\/\">08 Oberhavel II<\/a>\n<\/li>\n\t<li class=\"cat-item cat-item-23\"><a href=\"https:\/\/www.grundeinkommen-ist-waehlbar.de\/2019-bb\/wahlkreis\/09-oberhavel-iii\/\">09 Oberhavel III<\/a>\n<\/li>\n\t<li class=\"cat-item cat-item-28\"><a href=\"https:\/\/www.grundeinkommen-ist-waehlbar.de\/2019-bb\/wahlkreis\/14-barnim-ii\/\">14 Barnim II<\/a>\n<\/li>\n\t<li class=\"cat-item cat-item-32\"><a href=\"https:\/\/www.grundeinkommen-ist-waehlbar.de\/2019-bb\/wahlkreis\/18-potsdam-mittelmark-ii\/\">18 Potsdam-Mittelmark II<\/a>\n<\/li>\n\t<li class=\"cat-item cat-item-35\"><a href=\"https:\/\/www.grundeinkommen-ist-waehlbar.de\/2019-bb\/wahlkreis\/21-potsdam-i\/\">21 Potsdam I<\/a>\n<\/li>\n\t<li class=\"cat-item cat-item-37\"><a href=\"https:\/\/www.grundeinkommen-ist-waehlbar.de\/2019-bb\/wahlkreis\/23-teltow-flaeming-i\/\">23 Teltow-Fl\u00e4ming I<\/a>\n<\/li>\n\t<li class=\"cat-item cat-item-39\"><a href=\"https:\/\/www.grundeinkommen-ist-waehlbar.de\/2019-bb\/wahlkreis\/25-teltow-flaeming-iii\/\">25 Teltow-Fl\u00e4ming III<\/a>\n<\/li>\n\t<li class=\"cat-item cat-item-45\"><a href=\"https:\/\/www.grundeinkommen-ist-waehlbar.de\/2019-bb\/wahlkreis\/31-maerkisch-oderland-i-oder-spree-iv\/\">31 M\u00e4rkisch-Oderland I\/Oder-Spree IV<\/a>\n<\/li>\n\t<li class=\"cat-item cat-item-46\"><a href=\"https:\/\/www.grundeinkommen-ist-waehlbar.de\/2019-bb\/wahlkreis\/32-maerkisch-oderland-ii\/\">32 M\u00e4rkisch-Oderland II<\/a>\n<\/li>\n\t<li class=\"cat-item cat-item-49\"><a href=\"https:\/\/www.grundeinkommen-ist-waehlbar.de\/2019-bb\/wahlkreis\/35-frankfurt-oder\/\">35 Frankfurt (Oder)<\/a>\n<\/li>\n\t<li class=\"cat-item cat-item-52\"><a href=\"https:\/\/www.grundeinkommen-ist-waehlbar.de\/2019-bb\/wahlkreis\/38-oberspreewald-lausitz-i\/\">38 Oberspreewald-Lausitz I<\/a>\n<\/li>\n\t<li class=\"cat-item cat-item-53\"><a href=\"https:\/\/www.grundeinkommen-ist-waehlbar.de\/2019-bb\/wahlkreis\/39-oberspreewald-lausitz-ii-spree-neisse-iv\/\">39 Oberspreewald-Lausitz II\/Spree-Nei\u00dfe IV<\/a>\n<\/li>\n\n","protected":false},"excerpt":{"rendered":"<p>Gibt es in Ihrem Wahlkreis eine\/n Kandidierenden, der\/die sich f\u00fcr ein bedingungsloses Grundeinkommen ausspricht? Wo k\u00f6nnen Sie Grundeinkommen w\u00e4hlen? Hier werden nur Wahlkreise angezeigt, in denen mindestens ein\/e Kandidat\/in f\u00fcr das Grundeinkommen ist. Finden Sie Kandidierende, indem Sie den entsprechenden Wahlkreis anklicken:<\/p>\n","protected":false},"author":1,"featured_media":0,"parent":0,"menu_order":0,"comment_status":"closed","ping_status":"closed","template":"","meta":{"footnotes":""},"class_list":["post-42","page","type-page","status-publish","hentry"],"_links":{"self":[{"href":"https:\/\/www.grundeinkommen-ist-waehlbar.de\/2019-bb\/wp-json\/wp\/v2\/pages\/42","targetHints":{"allow":["GET"]}}],"collection":[{"href":"https:\/\/www.grundeinkommen-ist-waehlbar.de\/2019-bb\/wp-json\/wp\/v2\/pages"}],"about":[{"href":"https:\/\/www.grundeinkommen-ist-waehlbar.de\/2019-bb\/wp-json\/wp\/v2\/types\/page"}],"author":[{"embeddable":true,"href":"https:\/\/www.grundeinkommen-ist-waehlbar.de\/2019-bb\/wp-json\/wp\/v2\/users\/1"}],"replies":[{"embeddable":true,"href":"https:\/\/www.grundeinkommen-ist-waehlbar.de\/2019-bb\/wp-json\/wp\/v2\/comments?post=42"}],"version-history":[{"count":1,"href":"https:\/\/www.grundeinkommen-ist-waehlbar.de\/2019-bb\/wp-json\/wp\/v2\/pages\/42\/revisions"}],"predecessor-version":[{"id":43,"href":"https:\/\/www.grundeinkommen-ist-waehlbar.de\/2019-bb\/wp-json\/wp\/v2\/pages\/42\/revisions\/43"}],"wp:attachment":[{"href":"https:\/\/www.grundeinkommen-ist-waehlbar.de\/2019-bb\/wp-json\/wp\/v2\/media?parent=42"}],"curies":[{"name":"wp","href":"https:\/\/api.w.org\/{rel}","templated":true}]}}