{"id":13,"date":"2019-04-09T11:15:10","date_gmt":"2019-04-09T09:15:10","guid":{"rendered":"http:\/\/www.grundeinkommen-ist-waehlbar.de\/2019-hb\/?page_id=13"},"modified":"2020-01-14T16:30:39","modified_gmt":"2020-01-14T15:30:39","slug":"home","status":"publish","type":"page","link":"https:\/\/www.grundeinkommen-ist-waehlbar.de\/2019-hb\/","title":{"rendered":"Home"},"content":{"rendered":"\n<h2 class=\"wp-block-heading\"><a href=\"http:\/\/www.grundeinkommen-ist-waehlbar.de\/2019-eu\/\">Auch zur Europawahl am 26. Mai<\/a><\/h2>\n\n\n\n<figure class=\"wp-block-image\"><a href=\"http:\/\/www.grundeinkommen-ist-waehlbar.de\/2019-eu\/\"><img loading=\"lazy\" decoding=\"async\" width=\"842\" height=\"120\" src=\"http:\/\/www.grundeinkommen-ist-waehlbar.de\/2019-hb\/wp-content\/uploads\/sites\/8\/2019\/04\/Europawahl.png\" alt=\"\" class=\"wp-image-14\" srcset=\"https:\/\/www.grundeinkommen-ist-waehlbar.de\/2019-hb\/wp-content\/uploads\/sites\/8\/2019\/04\/Europawahl.png 842w, https:\/\/www.grundeinkommen-ist-waehlbar.de\/2019-hb\/wp-content\/uploads\/sites\/8\/2019\/04\/Europawahl-300x43.png 300w, https:\/\/www.grundeinkommen-ist-waehlbar.de\/2019-hb\/wp-content\/uploads\/sites\/8\/2019\/04\/Europawahl-768x109.png 768w\" sizes=\"auto, (max-width: 767px) 89vw, (max-width: 1000px) 54vw, (max-width: 1071px) 543px, 580px\" \/><\/a><\/figure>\n\n\n\n<h2 class=\"wp-block-heading\">Grundeinkommen ist w\u00e4hlbar!<\/h2>\n\n\n\n<ul class=\"wp-block-list\"><li>ist eine Informationsplattform, auf der sich Interessierte informieren k\u00f6nnen, in welchen Wahlkreisen Grundeinkommensbef\u00fcrwortende f\u00fcr den Bundestag kandidieren<\/li><li>ist eine Unterst\u00fctzungsplattform f\u00fcr alle Kandidierenden, die f\u00fcr ein Bedingungsloses Grundeinkommen eintreten<\/li><li>ist Werbung f\u00fcrs W\u00e4hlen: Wir wollen daf\u00fcr werben, die Gesellschaft aktiv mitzugestalten<\/li><li>ist dankbar f\u00fcr jeden <a href=\"https:\/\/www.grundeinkommen-ist-waehlbar.de\/2018-by\/kandidieren\/\">Hinweis auf Kandidierende, die die Forderung nach einem Grundeinkommen unterst\u00fctzen<\/a>.<\/li><li>Wer \u00fcber die neuesten Eintr\u00e4ge informiert sein m\u00f6chte, sollte sich &gt; <a href=\"http:\/\/www.grundeinkommen-ist-waehlbar.de\/2018-by\/kandidierende\/\">diesen Link<\/a> &lt; abspeichern.<\/li><\/ul>\n\n\n\n<h2 class=\"wp-block-heading\">Grundeinkommen ist w\u00e4hlbar!<\/h2>\n\n\n\n<ul class=\"wp-block-list\"><li>ist ein Angebot des Netzwerks Grundeinkommen <a rel=\"noreferrer noopener\" href=\"http:\/\/www.grundeinkommen.de\" target=\"_blank\">www.grundeinkommen.de<\/a>.<\/li><li>bef\u00fcrwortet entsprechend der Pr\u00e4ambel des Netzwerk Grundeinkommen ein bedingungsloses Grundeinkommen f\u00fcr alle Menschen, das existenzsichernd ist und gesellschaftliche Teilhabe erm\u00f6glicht, auf das ein individueller Rechtsanspruch besteht, das ohne Bed\u00fcrftigkeitspr\u00fcfung und ohne Zwang zu Arbeit oder anderen Gegenleistungen garantiert wird.<\/li><li>\u00fcbernimmt im Rahmen dieses Online-Angebotes keine Gew\u00e4hr, dass die Grundeinkommensmodelle alle Kandidierenden diesen vier Kriterien entsprechen.<\/li><li>gab es bereits zur <a href=\"http:\/\/www.grundeinkommen-ist-waehlbar.de\/2009\/\">Bundestagswahl 2009<\/a>, <a href=\"http:\/\/www.grundeinkommen-ist-waehlbar.de\/2013\/\">Bundestagswahl 2013<\/a>, <a href=\"http:\/\/www.grundeinkommen-ist-waehlbar.de\/2017-nrw\/\">Landtagswahl in Nordrhein-Westfalen 2017<\/a>, <a href=\"https:\/\/www.grundeinkommen-ist-waehlbar.de\/2017-de\/\">Bundestagswahl 2017<\/a>, <a href=\"https:\/\/www.grundeinkommen-ist-waehlbar.de\/2017-ni\/\">Landtagswahl in Niedersachsen 2017<\/a>, <a href=\"http:\/\/www.grundeinkommen-ist-waehlbar.de\/2018-by\/\">Landtagswahl in Bayern 2018<\/a> und <a href=\"http:\/\/www.grundeinkommen-ist-waehlbar.de\/2018-he\/\">Landtagswahl in Hessen 2018<\/a>.<\/li><\/ul>\n\n\n\n<h2 class=\"wp-block-heading\">Grundeinkommen ist w\u00e4hlbar!<\/h2>\n\n\n\n<ul class=\"wp-block-list\"><li>Die Informationen basieren auf Angaben der Kandidierenden, bzw. auf online zug\u00e4nglichen Informationen.<\/li><li>freut sich \u00fcber Anregungen und Kritik \u00fcber unser <a href=\"https:\/\/www.grundeinkommen-ist-waehlbar.de\/kontakt\/\">Kontaktformular<\/a>.<\/li><\/ul>\n","protected":false},"excerpt":{"rendered":"<p>Auch zur Europawahl am 26. Mai Grundeinkommen ist w\u00e4hlbar! ist eine Informationsplattform, auf der sich Interessierte informieren k\u00f6nnen, in welchen Wahlkreisen Grundeinkommensbef\u00fcrwortende f\u00fcr den Bundestag kandidieren ist eine Unterst\u00fctzungsplattform f\u00fcr alle Kandidierenden, die f\u00fcr ein Bedingungsloses Grundeinkommen eintreten ist Werbung f\u00fcrs W\u00e4hlen: Wir wollen daf\u00fcr werben, die Gesellschaft aktiv mitzugestalten ist dankbar f\u00fcr jeden Hinweis &hellip; <\/p>\n<p class=\"link-more\"><a href=\"https:\/\/www.grundeinkommen-ist-waehlbar.de\/2019-hb\/\" class=\"more-link\"><span class=\"screen-reader-text\">\u201eHome\u201c <\/span>weiterlesen<\/a><\/p>\n","protected":false},"author":1,"featured_media":0,"parent":0,"menu_order":0,"comment_status":"closed","ping_status":"closed","template":"","meta":{"footnotes":""},"class_list":["post-13","page","type-page","status-publish","hentry"],"_links":{"self":[{"href":"https:\/\/www.grundeinkommen-ist-waehlbar.de\/2019-hb\/wp-json\/wp\/v2\/pages\/13","targetHints":{"allow":["GET"]}}],"collection":[{"href":"https:\/\/www.grundeinkommen-ist-waehlbar.de\/2019-hb\/wp-json\/wp\/v2\/pages"}],"about":[{"href":"https:\/\/www.grundeinkommen-ist-waehlbar.de\/2019-hb\/wp-json\/wp\/v2\/types\/page"}],"author":[{"embeddable":true,"href":"https:\/\/www.grundeinkommen-ist-waehlbar.de\/2019-hb\/wp-json\/wp\/v2\/users\/1"}],"replies":[{"embeddable":true,"href":"https:\/\/www.grundeinkommen-ist-waehlbar.de\/2019-hb\/wp-json\/wp\/v2\/comments?post=13"}],"version-history":[{"count":4,"href":"https:\/\/www.grundeinkommen-ist-waehlbar.de\/2019-hb\/wp-json\/wp\/v2\/pages\/13\/revisions"}],"predecessor-version":[{"id":94,"href":"https:\/\/www.grundeinkommen-ist-waehlbar.de\/2019-hb\/wp-json\/wp\/v2\/pages\/13\/revisions\/94"}],"wp:attachment":[{"href":"https:\/\/www.grundeinkommen-ist-waehlbar.de\/2019-hb\/wp-json\/wp\/v2\/media?parent=13"}],"curies":[{"name":"wp","href":"https:\/\/api.w.org\/{rel}","templated":true}]}}