{"id":46,"date":"2021-01-14T14:16:58","date_gmt":"2021-01-14T13:16:58","guid":{"rendered":"http:\/\/www.grundeinkommen-ist-waehlbar.de\/2021-de\/?page_id=46"},"modified":"2021-07-25T15:57:08","modified_gmt":"2021-07-25T13:57:08","slug":"kandidierende","status":"publish","type":"page","link":"https:\/\/www.grundeinkommen-ist-waehlbar.de\/2021-de\/kandidierende\/","title":{"rendered":"Kandidierende"},"content":{"rendered":"\n<p>Gibt es in Ihrem Wahlkreis eine\/n Kandidierenden, der\/die sich f\u00fcr ein bedingungsloses Grundeinkommen ausspricht? Wo k\u00f6nnen Sie Grundeinkommen w\u00e4hlen? Hier werden nur Wahlkreise angezeigt, in denen mindestens ein\/e Kandidat\/in f\u00fcr das Grundeinkommen ist. Finden Sie Kandidierende, indem Sie den entsprechenden Wahlkreis anklicken:<\/p>\n\n\n\t<li class=\"cat-item cat-item-42\"><a href=\"https:\/\/www.grundeinkommen-ist-waehlbar.de\/2021-de\/wahlkreis\/024-aurich-emden\/\">024 Aurich \u2013 Emden<\/a>\n<\/li>\n\t<li class=\"cat-item cat-item-46\"><a href=\"https:\/\/www.grundeinkommen-ist-waehlbar.de\/2021-de\/wahlkreis\/028-delmenhorst-wesermarsch-oldenburg-land\/\">028 Delmenhorst \u2013 Wesermarsch \u2013 Oldenburg-Land<\/a>\n<\/li>\n\t<li class=\"cat-item cat-item-47\"><a href=\"https:\/\/www.grundeinkommen-ist-waehlbar.de\/2021-de\/wahlkreis\/029-cuxhaven-stade-ii\/\">029 Cuxhaven \u2013 Stade II<\/a>\n<\/li>\n\t<li class=\"cat-item cat-item-58\"><a href=\"https:\/\/www.grundeinkommen-ist-waehlbar.de\/2021-de\/wahlkreis\/040-nienburg-ii-schaumburg\/\">040 Nienburg II \u2013 Schaumburg<\/a>\n<\/li>\n\t<li class=\"cat-item cat-item-59\"><a href=\"https:\/\/www.grundeinkommen-ist-waehlbar.de\/2021-de\/wahlkreis\/041-stadt-hannover-i\/\">041 Stadt Hannover I<\/a>\n<\/li>\n\t<li class=\"cat-item cat-item-60\"><a href=\"https:\/\/www.grundeinkommen-ist-waehlbar.de\/2021-de\/wahlkreis\/042-stadt-hannover-ii\/\">042 Stadt Hannover II<\/a>\n<\/li>\n\t<li class=\"cat-item cat-item-76\"><a href=\"https:\/\/www.grundeinkommen-ist-waehlbar.de\/2021-de\/wahlkreis\/056-prignitz-ostprignitz-ruppin-havelland-i\/\">056 Prignitz \u2013 Ostprignitz-Ruppin \u2013 Havelland I<\/a>\n<\/li>\n\t<li class=\"cat-item cat-item-90\"><a href=\"https:\/\/www.grundeinkommen-ist-waehlbar.de\/2021-de\/wahlkreis\/069-magdeburg\/\">069 Magdeburg<\/a>\n<\/li>\n\t<li class=\"cat-item cat-item-102\"><a href=\"https:\/\/www.grundeinkommen-ist-waehlbar.de\/2021-de\/wahlkreis\/080-berlin-charlottenburg-wilmersdorf\/\">080 Berlin-Charlottenburg-Wilmersdorf<\/a>\n<\/li>\n\t<li class=\"cat-item cat-item-105\"><a href=\"https:\/\/www.grundeinkommen-ist-waehlbar.de\/2021-de\/wahlkreis\/083-berlin-friedrichshain-kreuzberg-prenzlauer-berg-ost\/\">083 Berlin-Friedrichshain-Kreuzberg \u2013 Prenzlauer Berg Ost<\/a>\n<\/li>\n\t<li class=\"cat-item cat-item-144\"><a href=\"https:\/\/www.grundeinkommen-ist-waehlbar.de\/2021-de\/wahlkreis\/121-recklinghausen-i\/\">121 Recklinghausen I<\/a>\n<\/li>\n\t<li class=\"cat-item cat-item-152\"><a href=\"https:\/\/www.grundeinkommen-ist-waehlbar.de\/2021-de\/wahlkreis\/129-muenster\/\">129 M\u00fcnster<\/a>\n<\/li>\n\t<li class=\"cat-item cat-item-162\"><a href=\"https:\/\/www.grundeinkommen-ist-waehlbar.de\/2021-de\/wahlkreis\/139-ennepe-ruhr-kreis-ii\/\">139 Ennepe-Ruhr-Kreis II<\/a>\n<\/li>\n\t<li class=\"cat-item cat-item-176\"><a href=\"https:\/\/www.grundeinkommen-ist-waehlbar.de\/2021-de\/wahlkreis\/152-leipzig-i\/\">152 Leipzig I<\/a>\n<\/li>\n\t<li class=\"cat-item cat-item-177\"><a href=\"https:\/\/www.grundeinkommen-ist-waehlbar.de\/2021-de\/wahlkreis\/153-leipzig-ii\/\">153 Leipzig II<\/a>\n<\/li>\n\t<li class=\"cat-item cat-item-183\"><a href=\"https:\/\/www.grundeinkommen-ist-waehlbar.de\/2021-de\/wahlkreis\/159-dresden-i\/\">159 Dresden I<\/a>\n<\/li>\n\t<li class=\"cat-item cat-item-184\"><a href=\"https:\/\/www.grundeinkommen-ist-waehlbar.de\/2021-de\/wahlkreis\/160-dresden-ii-bautzen-ii\/\">160 Dresden II \u2013 Bautzen II<\/a>\n<\/li>\n\t<li class=\"cat-item cat-item-204\"><a href=\"https:\/\/www.grundeinkommen-ist-waehlbar.de\/2021-de\/wahlkreis\/179-wiesbaden\/\">179 Wiesbaden<\/a>\n<\/li>\n\t<li class=\"cat-item cat-item-210\"><a href=\"https:\/\/www.grundeinkommen-ist-waehlbar.de\/2021-de\/wahlkreis\/185-offenbach\/\">185 Offenbach<\/a>\n<\/li>\n\t<li class=\"cat-item cat-item-233\"><a href=\"https:\/\/www.grundeinkommen-ist-waehlbar.de\/2021-de\/wahlkreis\/205-mainz\/\">205 Mainz<\/a>\n<\/li>\n\t<li class=\"cat-item cat-item-282\"><a href=\"https:\/\/www.grundeinkommen-ist-waehlbar.de\/2021-de\/wahlkreis\/251-wuerzburg\/\">251 W\u00fcrzburg<\/a>\n<\/li>\n\t<li class=\"cat-item cat-item-290\"><a href=\"https:\/\/www.grundeinkommen-ist-waehlbar.de\/2021-de\/wahlkreis\/258-stuttgart-i\/\">258 Stuttgart I<\/a>\n<\/li>\n\t<li class=\"cat-item cat-item-292\"><a href=\"https:\/\/www.grundeinkommen-ist-waehlbar.de\/2021-de\/wahlkreis\/260-boeblingen\/\">260 B\u00f6blingen<\/a>\n<\/li>\n\t<li class=\"cat-item cat-item-293\"><a href=\"https:\/\/www.grundeinkommen-ist-waehlbar.de\/2021-de\/wahlkreis\/261-esslingen\/\">261 Esslingen<\/a>\n<\/li>\n\t<li class=\"cat-item cat-item-294\"><a href=\"https:\/\/www.grundeinkommen-ist-waehlbar.de\/2021-de\/wahlkreis\/262-nuertingen\/\">262 N\u00fcrtingen<\/a>\n<\/li>\n\t<li class=\"cat-item cat-item-295\"><a href=\"https:\/\/www.grundeinkommen-ist-waehlbar.de\/2021-de\/wahlkreis\/263-goeppingen\/\">263 G\u00f6ppingen<\/a>\n<\/li>\n\t<li class=\"cat-item cat-item-298\"><a href=\"https:\/\/www.grundeinkommen-ist-waehlbar.de\/2021-de\/wahlkreis\/266-neckar-zaber\/\">266 Neckar-Zaber<\/a>\n<\/li>\n\t<li class=\"cat-item cat-item-303\"><a href=\"https:\/\/www.grundeinkommen-ist-waehlbar.de\/2021-de\/wahlkreis\/271-karlsruhe-stadt\/\">271 Karlsruhe-Stadt<\/a>\n<\/li>\n\t<li class=\"cat-item cat-item-317\"><a href=\"https:\/\/www.grundeinkommen-ist-waehlbar.de\/2021-de\/wahlkreis\/285-rottweil-tuttlingen\/\">285 Rottweil \u2013 Tuttlingen<\/a>\n<\/li>\n\t<li class=\"cat-item cat-item-321\"><a href=\"https:\/\/www.grundeinkommen-ist-waehlbar.de\/2021-de\/wahlkreis\/289-reutlingen\/\">289 Reutlingen<\/a>\n<\/li>\n\t<li class=\"cat-item cat-item-322\"><a href=\"https:\/\/www.grundeinkommen-ist-waehlbar.de\/2021-de\/wahlkreis\/290-tuebingen\/\">290 T\u00fcbingen<\/a>\n<\/li>\n\t<li class=\"cat-item cat-item-323\"><a href=\"https:\/\/www.grundeinkommen-ist-waehlbar.de\/2021-de\/wahlkreis\/291-ulm\/\">291 Ulm<\/a>\n<\/li>\n\n","protected":false},"excerpt":{"rendered":"<p>Gibt es in Ihrem Wahlkreis eine\/n Kandidierenden, der\/die sich f\u00fcr ein bedingungsloses Grundeinkommen ausspricht? Wo k\u00f6nnen Sie Grundeinkommen w\u00e4hlen? Hier werden nur Wahlkreise angezeigt, in denen mindestens ein\/e Kandidat\/in f\u00fcr das Grundeinkommen ist. Finden Sie Kandidierende, indem Sie den entsprechenden Wahlkreis anklicken:<\/p>\n","protected":false},"author":1,"featured_media":0,"parent":0,"menu_order":0,"comment_status":"closed","ping_status":"closed","template":"","meta":{"footnotes":""},"class_list":["post-46","page","type-page","status-publish","hentry"],"_links":{"self":[{"href":"https:\/\/www.grundeinkommen-ist-waehlbar.de\/2021-de\/wp-json\/wp\/v2\/pages\/46","targetHints":{"allow":["GET"]}}],"collection":[{"href":"https:\/\/www.grundeinkommen-ist-waehlbar.de\/2021-de\/wp-json\/wp\/v2\/pages"}],"about":[{"href":"https:\/\/www.grundeinkommen-ist-waehlbar.de\/2021-de\/wp-json\/wp\/v2\/types\/page"}],"author":[{"embeddable":true,"href":"https:\/\/www.grundeinkommen-ist-waehlbar.de\/2021-de\/wp-json\/wp\/v2\/users\/1"}],"replies":[{"embeddable":true,"href":"https:\/\/www.grundeinkommen-ist-waehlbar.de\/2021-de\/wp-json\/wp\/v2\/comments?post=46"}],"version-history":[{"count":2,"href":"https:\/\/www.grundeinkommen-ist-waehlbar.de\/2021-de\/wp-json\/wp\/v2\/pages\/46\/revisions"}],"predecessor-version":[{"id":103,"href":"https:\/\/www.grundeinkommen-ist-waehlbar.de\/2021-de\/wp-json\/wp\/v2\/pages\/46\/revisions\/103"}],"wp:attachment":[{"href":"https:\/\/www.grundeinkommen-ist-waehlbar.de\/2021-de\/wp-json\/wp\/v2\/media?parent=46"}],"curies":[{"name":"wp","href":"https:\/\/api.w.org\/{rel}","templated":true}]}}