{"id":22,"date":"2021-01-14T13:17:29","date_gmt":"2021-01-14T12:17:29","guid":{"rendered":"http:\/\/www.grundeinkommen-ist-waehlbar.de\/2021-mv\/?page_id=22"},"modified":"2021-09-21T13:23:22","modified_gmt":"2021-09-21T11:23:22","slug":"engagieren-in-regionalen-initiativen","status":"publish","type":"page","link":"https:\/\/www.grundeinkommen-ist-waehlbar.de\/2021-mv\/engagieren-in-regionalen-initiativen\/","title":{"rendered":"Engagieren in regionalen Initiativen"},"content":{"rendered":"\n<p>Sie m\u00f6chten mehr tun, als &#8222;nur&#8220; ein Kreuzchen machen? Sie m\u00f6chten sich \u00fcber die Bundestagswahl hinaus aktiv f\u00fcr ein Bedingungsloses Grundeinkommen einsetzen?<\/p>\n\n\n\n<p>Adressen und Kontaktpersonen finden Sie hier:<\/p>\n\n\n\n<p> <a rel=\"noreferrer noopener\" href=\"https:\/\/www.grundeinkommen.de\/netzwerk\/initiativen\" target=\"_blank\">www.grundeinkommen.de\/netzwerk\/initiativen<\/a><br><a rel=\"noreferrer noopener\" href=\"http:\/\/www.bgeinfo.de\/\" target=\"_blank\"><\/a><\/p>\n","protected":false},"excerpt":{"rendered":"<p>Sie m\u00f6chten mehr tun, als &#8222;nur&#8220; ein Kreuzchen machen? Sie m\u00f6chten sich \u00fcber die Bundestagswahl hinaus aktiv f\u00fcr ein Bedingungsloses Grundeinkommen einsetzen? Adressen und Kontaktpersonen finden Sie hier: www.grundeinkommen.de\/netzwerk\/initiativen<\/p>\n","protected":false},"author":1,"featured_media":0,"parent":0,"menu_order":0,"comment_status":"closed","ping_status":"closed","template":"","meta":{"footnotes":""},"class_list":["post-22","page","type-page","status-publish","hentry"],"_links":{"self":[{"href":"https:\/\/www.grundeinkommen-ist-waehlbar.de\/2021-mv\/wp-json\/wp\/v2\/pages\/22","targetHints":{"allow":["GET"]}}],"collection":[{"href":"https:\/\/www.grundeinkommen-ist-waehlbar.de\/2021-mv\/wp-json\/wp\/v2\/pages"}],"about":[{"href":"https:\/\/www.grundeinkommen-ist-waehlbar.de\/2021-mv\/wp-json\/wp\/v2\/types\/page"}],"author":[{"embeddable":true,"href":"https:\/\/www.grundeinkommen-ist-waehlbar.de\/2021-mv\/wp-json\/wp\/v2\/users\/1"}],"replies":[{"embeddable":true,"href":"https:\/\/www.grundeinkommen-ist-waehlbar.de\/2021-mv\/wp-json\/wp\/v2\/comments?post=22"}],"version-history":[{"count":2,"href":"https:\/\/www.grundeinkommen-ist-waehlbar.de\/2021-mv\/wp-json\/wp\/v2\/pages\/22\/revisions"}],"predecessor-version":[{"id":100,"href":"https:\/\/www.grundeinkommen-ist-waehlbar.de\/2021-mv\/wp-json\/wp\/v2\/pages\/22\/revisions\/100"}],"wp:attachment":[{"href":"https:\/\/www.grundeinkommen-ist-waehlbar.de\/2021-mv\/wp-json\/wp\/v2\/media?parent=22"}],"curies":[{"name":"wp","href":"https:\/\/api.w.org\/{rel}","templated":true}]}}