{"id":46,"date":"2021-01-14T14:16:58","date_gmt":"2021-01-14T13:16:58","guid":{"rendered":"http:\/\/www.grundeinkommen-ist-waehlbar.de\/2021-st\/?page_id=46"},"modified":"2021-01-14T14:16:58","modified_gmt":"2021-01-14T13:16:58","slug":"kandidierende","status":"publish","type":"page","link":"https:\/\/www.grundeinkommen-ist-waehlbar.de\/2021-st\/kandidierende\/","title":{"rendered":"Kandidierende"},"content":{"rendered":"\n<p>Gibt es in Ihrem Wahlkreis eine\/n Kandidierenden, der\/die sich f\u00fcr ein bedingungsloses Grundeinkommen ausspricht? Wo k\u00f6nnen Sie Grundeinkommen w\u00e4hlen? Hier werden nur Wahlkreise angezeigt, in denen mindestens ein\/e Kandidat\/in f\u00fcr das Grundeinkommen ist. Finden Sie Kandidierende, indem Sie den entsprechenden Wahlkreis anklicken:<\/p>\n\n\n\t<li class=\"cat-item cat-item-34\"><a href=\"https:\/\/www.grundeinkommen-ist-waehlbar.de\/2021-st\/wahlkreis\/04-stendal\/\">04 Stendal<\/a>\n<\/li>\n\t<li class=\"cat-item cat-item-35\"><a href=\"https:\/\/www.grundeinkommen-ist-waehlbar.de\/2021-st\/wahlkreis\/05-genthin\/\">05 Genthin<\/a>\n<\/li>\n\t<li class=\"cat-item cat-item-36\"><a href=\"https:\/\/www.grundeinkommen-ist-waehlbar.de\/2021-st\/wahlkreis\/06-burg\/\">06 Burg<\/a>\n<\/li>\n\t<li class=\"cat-item cat-item-40\"><a href=\"https:\/\/www.grundeinkommen-ist-waehlbar.de\/2021-st\/wahlkreis\/10-magdeburg-i\/\">10 Magdeburg I<\/a>\n<\/li>\n\t<li class=\"cat-item cat-item-41\"><a href=\"https:\/\/www.grundeinkommen-ist-waehlbar.de\/2021-st\/wahlkreis\/11-magdeburg-ii\/\">11 Magdeburg II<\/a>\n<\/li>\n\t<li class=\"cat-item cat-item-44\"><a href=\"https:\/\/www.grundeinkommen-ist-waehlbar.de\/2021-st\/wahlkreis\/14-halberstadt\/\">14 Halberstadt<\/a>\n<\/li>\n\t<li class=\"cat-item cat-item-62\"><a href=\"https:\/\/www.grundeinkommen-ist-waehlbar.de\/2021-st\/wahlkreis\/32-querfurt\/\">32 Querfurt<\/a>\n<\/li>\n\t<li class=\"cat-item cat-item-67\"><a href=\"https:\/\/www.grundeinkommen-ist-waehlbar.de\/2021-st\/wahlkreis\/37-halle-iii\/\">37 Halle III<\/a>\n<\/li>\n\t<li class=\"cat-item cat-item-68\"><a href=\"https:\/\/www.grundeinkommen-ist-waehlbar.de\/2021-st\/wahlkreis\/38-halle-iv\/\">38 Halle IV<\/a>\n<\/li>\n\n","protected":false},"excerpt":{"rendered":"<p>Gibt es in Ihrem Wahlkreis eine\/n Kandidierenden, der\/die sich f\u00fcr ein bedingungsloses Grundeinkommen ausspricht? Wo k\u00f6nnen Sie Grundeinkommen w\u00e4hlen? Hier werden nur Wahlkreise angezeigt, in denen mindestens ein\/e Kandidat\/in f\u00fcr das Grundeinkommen ist. Finden Sie Kandidierende, indem Sie den entsprechenden Wahlkreis anklicken:<\/p>\n","protected":false},"author":1,"featured_media":0,"parent":0,"menu_order":0,"comment_status":"closed","ping_status":"closed","template":"","meta":{"footnotes":""},"class_list":["post-46","page","type-page","status-publish","hentry"],"_links":{"self":[{"href":"https:\/\/www.grundeinkommen-ist-waehlbar.de\/2021-st\/wp-json\/wp\/v2\/pages\/46","targetHints":{"allow":["GET"]}}],"collection":[{"href":"https:\/\/www.grundeinkommen-ist-waehlbar.de\/2021-st\/wp-json\/wp\/v2\/pages"}],"about":[{"href":"https:\/\/www.grundeinkommen-ist-waehlbar.de\/2021-st\/wp-json\/wp\/v2\/types\/page"}],"author":[{"embeddable":true,"href":"https:\/\/www.grundeinkommen-ist-waehlbar.de\/2021-st\/wp-json\/wp\/v2\/users\/1"}],"replies":[{"embeddable":true,"href":"https:\/\/www.grundeinkommen-ist-waehlbar.de\/2021-st\/wp-json\/wp\/v2\/comments?post=46"}],"version-history":[{"count":1,"href":"https:\/\/www.grundeinkommen-ist-waehlbar.de\/2021-st\/wp-json\/wp\/v2\/pages\/46\/revisions"}],"predecessor-version":[{"id":47,"href":"https:\/\/www.grundeinkommen-ist-waehlbar.de\/2021-st\/wp-json\/wp\/v2\/pages\/46\/revisions\/47"}],"wp:attachment":[{"href":"https:\/\/www.grundeinkommen-ist-waehlbar.de\/2021-st\/wp-json\/wp\/v2\/media?parent=46"}],"curies":[{"name":"wp","href":"https:\/\/api.w.org\/{rel}","templated":true}]}}