{"id":54,"date":"2022-04-10T13:33:52","date_gmt":"2022-04-10T11:33:52","guid":{"rendered":"https:\/\/www.grundeinkommen-ist-waehlbar.de\/2022-nw\/?page_id=54"},"modified":"2022-04-10T13:33:52","modified_gmt":"2022-04-10T11:33:52","slug":"kandidierende","status":"publish","type":"page","link":"https:\/\/www.grundeinkommen-ist-waehlbar.de\/2022-nw\/kandidierende\/","title":{"rendered":"Kandidierende"},"content":{"rendered":"\n<p>Gibt es in Ihrem Wahlkreis eine\/n Kandidierenden, der\/die sich f\u00fcr ein bedingungsloses Grundeinkommen ausspricht? Wo k\u00f6nnen Sie Grundeinkommen w\u00e4hlen? Hier werden nur Wahlkreise angezeigt, in denen mindestens ein\/e Kandidat\/in f\u00fcr das Grundeinkommen ist. Finden Sie Kandidierende, indem Sie den entsprechenden Wahlkreis anklicken:<\/p>\n\n\n\t<li class=\"cat-item cat-item-18\"><a href=\"https:\/\/www.grundeinkommen-ist-waehlbar.de\/2022-nw\/wahlkreis\/014-koeln-ii\/\">014 K\u00f6ln II<\/a>\n<\/li>\n\t<li class=\"cat-item cat-item-30\"><a href=\"https:\/\/www.grundeinkommen-ist-waehlbar.de\/2022-nw\/wahlkreis\/026-rhein-sieg-kreis-ii\/\">026 Rhein-Sieg-Kreis II<\/a>\n<\/li>\n\t<li class=\"cat-item cat-item-50\"><a href=\"https:\/\/www.grundeinkommen-ist-waehlbar.de\/2022-nw\/wahlkreis\/045-rhein-kreis-neuss-i\/\">045 Rhein-Kreis Neuss I<\/a>\n<\/li>\n\t<li class=\"cat-item cat-item-61\"><a href=\"https:\/\/www.grundeinkommen-ist-waehlbar.de\/2022-nw\/wahlkreis\/056-oberhausen-i\/\">056 Oberhausen I<\/a>\n<\/li>\n\t<li class=\"cat-item cat-item-97\"><a href=\"https:\/\/www.grundeinkommen-ist-waehlbar.de\/2022-nw\/wahlkreis\/092-bielefeld-i\/\">092 Bielefeld I<\/a>\n<\/li>\n\t<li class=\"cat-item cat-item-116\"><a href=\"https:\/\/www.grundeinkommen-ist-waehlbar.de\/2022-nw\/wahlkreis\/111-dortmund-i\/\">111 Dortmund I<\/a>\n<\/li>\n\t<li class=\"cat-item cat-item-120\"><a href=\"https:\/\/www.grundeinkommen-ist-waehlbar.de\/2022-nw\/wahlkreis\/115-unna-i\/\">115 Unna I<\/a>\n<\/li>\n\n","protected":false},"excerpt":{"rendered":"<p>Gibt es in Ihrem Wahlkreis eine\/n Kandidierenden, der\/die sich f\u00fcr ein bedingungsloses Grundeinkommen ausspricht? Wo k\u00f6nnen Sie Grundeinkommen w\u00e4hlen? Hier werden nur Wahlkreise angezeigt, in denen mindestens ein\/e Kandidat\/in f\u00fcr das Grundeinkommen ist. Finden Sie Kandidierende, indem Sie den entsprechenden Wahlkreis anklicken:<\/p>\n","protected":false},"author":1,"featured_media":0,"parent":0,"menu_order":0,"comment_status":"closed","ping_status":"closed","template":"","meta":{"footnotes":""},"class_list":["post-54","page","type-page","status-publish","hentry"],"_links":{"self":[{"href":"https:\/\/www.grundeinkommen-ist-waehlbar.de\/2022-nw\/wp-json\/wp\/v2\/pages\/54","targetHints":{"allow":["GET"]}}],"collection":[{"href":"https:\/\/www.grundeinkommen-ist-waehlbar.de\/2022-nw\/wp-json\/wp\/v2\/pages"}],"about":[{"href":"https:\/\/www.grundeinkommen-ist-waehlbar.de\/2022-nw\/wp-json\/wp\/v2\/types\/page"}],"author":[{"embeddable":true,"href":"https:\/\/www.grundeinkommen-ist-waehlbar.de\/2022-nw\/wp-json\/wp\/v2\/users\/1"}],"replies":[{"embeddable":true,"href":"https:\/\/www.grundeinkommen-ist-waehlbar.de\/2022-nw\/wp-json\/wp\/v2\/comments?post=54"}],"version-history":[{"count":1,"href":"https:\/\/www.grundeinkommen-ist-waehlbar.de\/2022-nw\/wp-json\/wp\/v2\/pages\/54\/revisions"}],"predecessor-version":[{"id":55,"href":"https:\/\/www.grundeinkommen-ist-waehlbar.de\/2022-nw\/wp-json\/wp\/v2\/pages\/54\/revisions\/55"}],"wp:attachment":[{"href":"https:\/\/www.grundeinkommen-ist-waehlbar.de\/2022-nw\/wp-json\/wp\/v2\/media?parent=54"}],"curies":[{"name":"wp","href":"https:\/\/api.w.org\/{rel}","templated":true}]}}