{"id":19,"date":"2022-02-07T09:57:11","date_gmt":"2022-02-07T08:57:11","guid":{"rendered":"https:\/\/www.grundeinkommen-ist-waehlbar.de\/2022-sl\/?page_id=19"},"modified":"2022-02-07T09:57:11","modified_gmt":"2022-02-07T08:57:11","slug":"engagieren-in-regionalen-initiativen","status":"publish","type":"page","link":"https:\/\/www.grundeinkommen-ist-waehlbar.de\/2022-sl\/engagieren-in-regionalen-initiativen\/","title":{"rendered":"Engagieren in regionalen Initiativen"},"content":{"rendered":"\n<p>Sie m\u00f6chten mehr tun, als &#8222;nur&#8220; ein Kreuzchen machen? Sie m\u00f6chten sich \u00fcber die Bundestagswahl hinaus aktiv f\u00fcr ein Bedingungsloses Grundeinkommen einsetzen?<\/p>\n\n\n\n<p>Adressen und Kontaktpersonen finden Sie hier:<\/p>\n\n\n\n<p> <a href=\"https:\/\/www.grundeinkommen.de\/artikel\/initiativen\" target=\"_blank\" rel=\"noreferrer noopener\" aria-label=\" (\u00f6ffnet in neuem Tab)\">www.grundeinkommen.de\/artikel\/initiativen<\/a><br><a rel=\"noreferrer noopener\" href=\"http:\/\/www.bgeinfo.de\/\" target=\"_blank\"><\/a><\/p>\n","protected":false},"excerpt":{"rendered":"<p>Sie m\u00f6chten mehr tun, als &#8222;nur&#8220; ein Kreuzchen machen? Sie m\u00f6chten sich \u00fcber die Bundestagswahl hinaus aktiv f\u00fcr ein Bedingungsloses Grundeinkommen einsetzen? Adressen und Kontaktpersonen finden Sie hier: www.grundeinkommen.de\/artikel\/initiativen<\/p>\n","protected":false},"author":1,"featured_media":0,"parent":0,"menu_order":0,"comment_status":"closed","ping_status":"closed","template":"","meta":{"footnotes":""},"class_list":["post-19","page","type-page","status-publish","hentry"],"_links":{"self":[{"href":"https:\/\/www.grundeinkommen-ist-waehlbar.de\/2022-sl\/wp-json\/wp\/v2\/pages\/19","targetHints":{"allow":["GET"]}}],"collection":[{"href":"https:\/\/www.grundeinkommen-ist-waehlbar.de\/2022-sl\/wp-json\/wp\/v2\/pages"}],"about":[{"href":"https:\/\/www.grundeinkommen-ist-waehlbar.de\/2022-sl\/wp-json\/wp\/v2\/types\/page"}],"author":[{"embeddable":true,"href":"https:\/\/www.grundeinkommen-ist-waehlbar.de\/2022-sl\/wp-json\/wp\/v2\/users\/1"}],"replies":[{"embeddable":true,"href":"https:\/\/www.grundeinkommen-ist-waehlbar.de\/2022-sl\/wp-json\/wp\/v2\/comments?post=19"}],"version-history":[{"count":1,"href":"https:\/\/www.grundeinkommen-ist-waehlbar.de\/2022-sl\/wp-json\/wp\/v2\/pages\/19\/revisions"}],"predecessor-version":[{"id":20,"href":"https:\/\/www.grundeinkommen-ist-waehlbar.de\/2022-sl\/wp-json\/wp\/v2\/pages\/19\/revisions\/20"}],"wp:attachment":[{"href":"https:\/\/www.grundeinkommen-ist-waehlbar.de\/2022-sl\/wp-json\/wp\/v2\/media?parent=19"}],"curies":[{"name":"wp","href":"https:\/\/api.w.org\/{rel}","templated":true}]}}