{"id":95,"date":"2022-02-10T12:50:46","date_gmt":"2022-02-10T11:50:46","guid":{"rendered":"https:\/\/www.grundeinkommen-ist-waehlbar.de\/2022-sl\/?page_id=95"},"modified":"2022-03-25T10:07:46","modified_gmt":"2022-03-25T09:07:46","slug":"wahlpruefsteine","status":"publish","type":"page","link":"https:\/\/www.grundeinkommen-ist-waehlbar.de\/2022-sl\/wahlpruefsteine\/","title":{"rendered":"Wahlpr\u00fcfsteine"},"content":{"rendered":"\n<p>Das Netzwerk Grundeinkommen befragt Parteien bei den Bundestagswahlen zu ihrer Position zum Grundeinkommen.<\/p>\n\n\n\n<p>Da gelegentlich bei Landtagswahlen weitere Parteien antreten, reichen wir gegebenenfalls deren Antworten nach.<\/p>\n\n\n\n<p>Die hier vorliegenden Antworten stammen aus dem Jahr 2021.<\/p>\n\n\n<span class=\"collapseomatic \" id=\"id69e21be205b9e\"  tabindex=\"0\" title=\"Wahlpr\u00fcfsteine einblenden\"    >Wahlpr\u00fcfsteine einblenden<\/span><span id='swap-id69e21be205b9e'  class='colomat-swap' style='display:none;'>Wahlpr\u00fcfsteine ausblenden<\/span><div id=\"target-id69e21be205b9e\" class=\"collapseomatic_content \">\n\n\n\n<ol class=\"wp-block-list\"><li>Die COVID-19-Pandemie hat den Sozialstaat an dessen Grenzen gef\u00fchrt. Immer mehr Menschen wenden sich folglich dem Grundeinkommen zu. Wie positioniert sich Ihre Partei aktuell zum Grundeinkommen o. g. Definition? (bitte mit Links)<\/li><li>Findet sich in Wahlprogrammen (Bundestagswahl, Landtagswahlen) Ihrer Partei das deutliche Bekenntnis zur Einf\u00fchrung eines Grundeinkommens gem\u00e4\u00df o. g. Definition in Deutschland? (bitte konkrete Textpassage in den Wahlprogrammen und Links)<\/li><li>Gibt es in Ihrer Partei Arbeitsgemeinschaften bzw. Zusammenschl\u00fcsse, die die Einf\u00fchrung eines Grundeinkommens fordern und diese Forderung im Parteiprogramm verankert sehen wollen? Wenn ja, welche? (bitte mit konkreter Benennung und Link)<\/li><li>Hat Ihre Partei oder ein Zusammenschluss bzw. eine Arbeitsgemeinschaft Ihrer Partei ein Modell eines Grundeinkommens gem\u00e4\u00df o. g. Definition entwickelt? Wenn ja, bitte kurz beschreiben und den Link zum jeweils ver\u00f6ffentlichten Modell \u00fcbermitteln.<\/li><li>Wie steht Ihre Partei zur Forderung, eine Enquete-Kommission im Deutschen Bundestag mit dem Ziel einzurichten, die Idee, Modelle und Einf\u00fchrungsstrategien eines Grundeinkommens in Deutschland zielf\u00fchrend zu diskutieren? (bitte konkrete Textpassage im Wahlprogramm und Link)<\/li><li>Ist Ihre Partei bereit, B\u00fcrgerforen und -konvente zum Grundeinkommen zu unterst\u00fctzen? (bitte konkrete Textpassage im Wahlprogramm und Link)<\/li><li>Ist Ihre Partei bereit, nach Einf\u00fchrung der M\u00f6glichkeit eines bundesweiten Volksentscheids auch einen solchen Volksentscheid zum Grundeinkommen zu unterst\u00fctzen? (bitte konkrete Textpassage im Wahlprogramm und Link)<\/li><li>Auf EU-Ebene findet eine B\u00fcrgerinitiative zu Grundeinkommen in der EU statt (<a rel=\"noreferrer noopener\" href=\"http:\/\/www.ebi-grundeinkommen.de\/\" target=\"_blank\">www.ebi-grundeinkommen.de<\/a>). Unterst\u00fctzt Ihre Partei bereits diese Europ\u00e4ische B\u00fcrgerinitiative bzw. w\u00e4re sie bereit, diese zu unterst\u00fctzen? Wenn ja, wie? (bitte konkrete Angaben bzw. Textpassage im Wahlprogramm und Link)\u201c<\/li><\/ol>\n\n\n<\/div>\n\n\n\n<h2 class=\"wp-block-heading\" id=\"antworten-der-parteien\">Antworten der Parteien<\/h2>\n\n\n\n<p>Hier sind die vorliegende Antworten als PDF-Datei erh\u00e4ltlich: <\/p>\n\n\n\n<figure class=\"wp-block-gallery has-nested-images columns-default is-cropped wp-block-gallery-1 is-layout-flex wp-block-gallery-is-layout-flex\">\n<figure class=\"wp-block-image size-large\"><a href=\"http:\/\/www.grundeinkommen-ist-waehlbar.de\/2022-sl\/wp-content\/uploads\/sites\/26\/2022\/02\/Grundeinkommen_CDU_CSU.pdf\" target=\"_blank\" rel=\"noopener\"><img loading=\"lazy\" decoding=\"async\" width=\"220\" height=\"220\" data-id=\"86\" src=\"http:\/\/www.grundeinkommen-ist-waehlbar.de\/2022-sl\/wp-content\/uploads\/sites\/26\/2022\/02\/CDU_CSU_thumbnail.png\" alt=\"\" class=\"wp-image-86\" srcset=\"https:\/\/www.grundeinkommen-ist-waehlbar.de\/2022-sl\/wp-content\/uploads\/sites\/26\/2022\/02\/CDU_CSU_thumbnail.png 220w, https:\/\/www.grundeinkommen-ist-waehlbar.de\/2022-sl\/wp-content\/uploads\/sites\/26\/2022\/02\/CDU_CSU_thumbnail-150x150.png 150w, https:\/\/www.grundeinkommen-ist-waehlbar.de\/2022-sl\/wp-content\/uploads\/sites\/26\/2022\/02\/CDU_CSU_thumbnail-100x100.png 100w\" sizes=\"auto, (max-width: 220px) 100vw, 220px\" \/><\/a><\/figure>\n\n\n\n<figure class=\"wp-block-image size-large\"><a href=\"http:\/\/www.grundeinkommen-ist-waehlbar.de\/2022-sl\/wp-content\/uploads\/sites\/26\/2022\/02\/Grundeinkommen_GRUENEN.pdf\" target=\"_blank\" rel=\"noopener\"><img loading=\"lazy\" decoding=\"async\" width=\"220\" height=\"220\" data-id=\"85\" src=\"http:\/\/www.grundeinkommen-ist-waehlbar.de\/2022-sl\/wp-content\/uploads\/sites\/26\/2022\/02\/Buendnis90-Gruene_thumbnail.png\" alt=\"\" class=\"wp-image-85\" srcset=\"https:\/\/www.grundeinkommen-ist-waehlbar.de\/2022-sl\/wp-content\/uploads\/sites\/26\/2022\/02\/Buendnis90-Gruene_thumbnail.png 220w, https:\/\/www.grundeinkommen-ist-waehlbar.de\/2022-sl\/wp-content\/uploads\/sites\/26\/2022\/02\/Buendnis90-Gruene_thumbnail-150x150.png 150w, https:\/\/www.grundeinkommen-ist-waehlbar.de\/2022-sl\/wp-content\/uploads\/sites\/26\/2022\/02\/Buendnis90-Gruene_thumbnail-100x100.png 100w\" sizes=\"auto, (max-width: 220px) 100vw, 220px\" \/><\/a><\/figure>\n\n\n\n<figure class=\"wp-block-image size-large\"><a href=\"http:\/\/www.grundeinkommen-ist-waehlbar.de\/2022-sl\/wp-content\/uploads\/sites\/26\/2022\/02\/Grundeinkommen_DIE_LINKE.pdf\" target=\"_blank\" rel=\"noopener\"><img loading=\"lazy\" decoding=\"async\" width=\"220\" height=\"220\" data-id=\"88\" src=\"http:\/\/www.grundeinkommen-ist-waehlbar.de\/2022-sl\/wp-content\/uploads\/sites\/26\/2022\/02\/DIE_LINKE_thumbnail.png\" alt=\"\" class=\"wp-image-88\" srcset=\"https:\/\/www.grundeinkommen-ist-waehlbar.de\/2022-sl\/wp-content\/uploads\/sites\/26\/2022\/02\/DIE_LINKE_thumbnail.png 220w, https:\/\/www.grundeinkommen-ist-waehlbar.de\/2022-sl\/wp-content\/uploads\/sites\/26\/2022\/02\/DIE_LINKE_thumbnail-150x150.png 150w, https:\/\/www.grundeinkommen-ist-waehlbar.de\/2022-sl\/wp-content\/uploads\/sites\/26\/2022\/02\/DIE_LINKE_thumbnail-100x100.png 100w\" sizes=\"auto, (max-width: 220px) 100vw, 220px\" \/><\/a><\/figure>\n\n\n\n<figure class=\"wp-block-image size-large\"><a href=\"http:\/\/www.grundeinkommen-ist-waehlbar.de\/2022-sl\/wp-content\/uploads\/sites\/26\/2022\/02\/Grundeinkommen_PIRATEN.pdf\" target=\"_blank\" rel=\"noopener\"><img loading=\"lazy\" decoding=\"async\" width=\"220\" height=\"220\" data-id=\"91\" src=\"http:\/\/www.grundeinkommen-ist-waehlbar.de\/2022-sl\/wp-content\/uploads\/sites\/26\/2022\/02\/Piratenpartei_thumbnail.png\" alt=\"\" class=\"wp-image-91\" srcset=\"https:\/\/www.grundeinkommen-ist-waehlbar.de\/2022-sl\/wp-content\/uploads\/sites\/26\/2022\/02\/Piratenpartei_thumbnail.png 220w, https:\/\/www.grundeinkommen-ist-waehlbar.de\/2022-sl\/wp-content\/uploads\/sites\/26\/2022\/02\/Piratenpartei_thumbnail-150x150.png 150w, https:\/\/www.grundeinkommen-ist-waehlbar.de\/2022-sl\/wp-content\/uploads\/sites\/26\/2022\/02\/Piratenpartei_thumbnail-100x100.png 100w\" sizes=\"auto, (max-width: 220px) 100vw, 220px\" \/><\/a><\/figure>\n\n\n\n<figure class=\"wp-block-image size-large\"><a href=\"http:\/\/www.grundeinkommen-ist-waehlbar.de\/2022-sl\/wp-content\/uploads\/sites\/26\/2022\/02\/Grundeinkommen_FREIE_WAeHLER.pdf\" target=\"_blank\" rel=\"noopener\"><img loading=\"lazy\" decoding=\"async\" width=\"220\" height=\"220\" data-id=\"89\" src=\"http:\/\/www.grundeinkommen-ist-waehlbar.de\/2022-sl\/wp-content\/uploads\/sites\/26\/2022\/02\/FW-Logo_thumbnail.png\" alt=\"\" class=\"wp-image-89\" srcset=\"https:\/\/www.grundeinkommen-ist-waehlbar.de\/2022-sl\/wp-content\/uploads\/sites\/26\/2022\/02\/FW-Logo_thumbnail.png 220w, https:\/\/www.grundeinkommen-ist-waehlbar.de\/2022-sl\/wp-content\/uploads\/sites\/26\/2022\/02\/FW-Logo_thumbnail-150x150.png 150w, https:\/\/www.grundeinkommen-ist-waehlbar.de\/2022-sl\/wp-content\/uploads\/sites\/26\/2022\/02\/FW-Logo_thumbnail-100x100.png 100w\" sizes=\"auto, (max-width: 220px) 100vw, 220px\" \/><\/a><\/figure>\n\n\n\n<figure class=\"wp-block-image size-large\"><a href=\"http:\/\/www.grundeinkommen-ist-waehlbar.de\/2022-sl\/wp-content\/uploads\/sites\/26\/2022\/02\/Grundeinkommen_OEDP.pdf\" target=\"_blank\" rel=\"noopener\"><img loading=\"lazy\" decoding=\"async\" width=\"220\" height=\"220\" data-id=\"90\" src=\"http:\/\/www.grundeinkommen-ist-waehlbar.de\/2022-sl\/wp-content\/uploads\/sites\/26\/2022\/02\/OEDP_thumbnail.png\" alt=\"\" class=\"wp-image-90\" srcset=\"https:\/\/www.grundeinkommen-ist-waehlbar.de\/2022-sl\/wp-content\/uploads\/sites\/26\/2022\/02\/OEDP_thumbnail.png 220w, https:\/\/www.grundeinkommen-ist-waehlbar.de\/2022-sl\/wp-content\/uploads\/sites\/26\/2022\/02\/OEDP_thumbnail-150x150.png 150w, https:\/\/www.grundeinkommen-ist-waehlbar.de\/2022-sl\/wp-content\/uploads\/sites\/26\/2022\/02\/OEDP_thumbnail-100x100.png 100w\" sizes=\"auto, (max-width: 220px) 100vw, 220px\" \/><\/a><\/figure>\n\n\n\n<figure class=\"wp-block-image size-large\"><a href=\"http:\/\/www.grundeinkommen-ist-waehlbar.de\/2022-sl\/wp-content\/uploads\/sites\/26\/2022\/02\/Grundeinkommen_Die_Humanisten.pdf\" target=\"_blank\" rel=\"noopener\"><img loading=\"lazy\" decoding=\"async\" width=\"220\" height=\"220\" data-id=\"87\" src=\"http:\/\/www.grundeinkommen-ist-waehlbar.de\/2022-sl\/wp-content\/uploads\/sites\/26\/2022\/02\/Die_Humanisten_thumbnail.png\" alt=\"\" class=\"wp-image-87\" srcset=\"https:\/\/www.grundeinkommen-ist-waehlbar.de\/2022-sl\/wp-content\/uploads\/sites\/26\/2022\/02\/Die_Humanisten_thumbnail.png 220w, https:\/\/www.grundeinkommen-ist-waehlbar.de\/2022-sl\/wp-content\/uploads\/sites\/26\/2022\/02\/Die_Humanisten_thumbnail-150x150.png 150w, https:\/\/www.grundeinkommen-ist-waehlbar.de\/2022-sl\/wp-content\/uploads\/sites\/26\/2022\/02\/Die_Humanisten_thumbnail-100x100.png 100w\" sizes=\"auto, (max-width: 220px) 100vw, 220px\" \/><\/a><\/figure>\n\n\n\n<figure class=\"wp-block-image size-large\"><a href=\"http:\/\/www.grundeinkommen-ist-waehlbar.de\/2022-sl\/wp-content\/uploads\/sites\/26\/2022\/02\/Grundeinkommen_Tierschutzpartei.pdf\" target=\"_blank\" rel=\"noopener\"><img loading=\"lazy\" decoding=\"async\" width=\"220\" height=\"220\" data-id=\"93\" src=\"http:\/\/www.grundeinkommen-ist-waehlbar.de\/2022-sl\/wp-content\/uploads\/sites\/26\/2022\/02\/Tierschutzpartei_thumbnail.png\" alt=\"\" class=\"wp-image-93\" srcset=\"https:\/\/www.grundeinkommen-ist-waehlbar.de\/2022-sl\/wp-content\/uploads\/sites\/26\/2022\/02\/Tierschutzpartei_thumbnail.png 220w, https:\/\/www.grundeinkommen-ist-waehlbar.de\/2022-sl\/wp-content\/uploads\/sites\/26\/2022\/02\/Tierschutzpartei_thumbnail-150x150.png 150w, https:\/\/www.grundeinkommen-ist-waehlbar.de\/2022-sl\/wp-content\/uploads\/sites\/26\/2022\/02\/Tierschutzpartei_thumbnail-100x100.png 100w\" sizes=\"auto, (max-width: 220px) 100vw, 220px\" \/><\/a><\/figure>\n\n\n\n<figure class=\"wp-block-image size-large\"><a href=\"http:\/\/www.grundeinkommen-ist-waehlbar.de\/2022-sl\/wp-content\/uploads\/sites\/26\/2022\/02\/Grundeinkommen_SGV.pdf\" target=\"_blank\" rel=\"noopener\"><img loading=\"lazy\" decoding=\"async\" width=\"220\" height=\"220\" data-id=\"92\" src=\"http:\/\/www.grundeinkommen-ist-waehlbar.de\/2022-sl\/wp-content\/uploads\/sites\/26\/2022\/02\/SGV_thumbnail.png\" alt=\"\" class=\"wp-image-92\" srcset=\"https:\/\/www.grundeinkommen-ist-waehlbar.de\/2022-sl\/wp-content\/uploads\/sites\/26\/2022\/02\/SGV_thumbnail.png 220w, https:\/\/www.grundeinkommen-ist-waehlbar.de\/2022-sl\/wp-content\/uploads\/sites\/26\/2022\/02\/SGV_thumbnail-150x150.png 150w, https:\/\/www.grundeinkommen-ist-waehlbar.de\/2022-sl\/wp-content\/uploads\/sites\/26\/2022\/02\/SGV_thumbnail-100x100.png 100w\" sizes=\"auto, (max-width: 220px) 100vw, 220px\" \/><\/a><\/figure>\n\n\n\n<figure class=\"wp-block-image size-full\"><a href=\"http:\/\/www.grundeinkommen-ist-waehlbar.de\/2022-sl\/wp-content\/uploads\/sites\/26\/2022\/02\/Grundeinkommen_Volt.pdf\" target=\"_blank\" rel=\"noopener\"><img loading=\"lazy\" decoding=\"async\" width=\"220\" height=\"220\" data-id=\"94\" src=\"https:\/\/www.grundeinkommen-ist-waehlbar.de\/2022-sl\/wp-content\/uploads\/sites\/26\/2022\/02\/volt_thumbnail.png\" alt=\"\" class=\"wp-image-94\" srcset=\"https:\/\/www.grundeinkommen-ist-waehlbar.de\/2022-sl\/wp-content\/uploads\/sites\/26\/2022\/02\/volt_thumbnail.png 220w, https:\/\/www.grundeinkommen-ist-waehlbar.de\/2022-sl\/wp-content\/uploads\/sites\/26\/2022\/02\/volt_thumbnail-150x150.png 150w, https:\/\/www.grundeinkommen-ist-waehlbar.de\/2022-sl\/wp-content\/uploads\/sites\/26\/2022\/02\/volt_thumbnail-100x100.png 100w\" sizes=\"auto, (max-width: 220px) 100vw, 220px\" \/><\/a><\/figure>\n\n\n\n<figure class=\"wp-block-image size-large\"><a href=\"http:\/\/www.grundeinkommen-ist-waehlbar.de\/2022-sl\/wp-content\/uploads\/sites\/26\/2022\/03\/Grundeinkommen_Gesundheitsforschung.pdf\" target=\"_blank\" rel=\"noopener\"><img loading=\"lazy\" decoding=\"async\" width=\"220\" height=\"220\" data-id=\"126\" src=\"http:\/\/www.grundeinkommen-ist-waehlbar.de\/2022-sl\/wp-content\/uploads\/sites\/26\/2022\/03\/Gesundheitsforschung_thumbnail.png\" alt=\"\" class=\"wp-image-126\" srcset=\"https:\/\/www.grundeinkommen-ist-waehlbar.de\/2022-sl\/wp-content\/uploads\/sites\/26\/2022\/03\/Gesundheitsforschung_thumbnail.png 220w, https:\/\/www.grundeinkommen-ist-waehlbar.de\/2022-sl\/wp-content\/uploads\/sites\/26\/2022\/03\/Gesundheitsforschung_thumbnail-150x150.png 150w, https:\/\/www.grundeinkommen-ist-waehlbar.de\/2022-sl\/wp-content\/uploads\/sites\/26\/2022\/03\/Gesundheitsforschung_thumbnail-100x100.png 100w\" sizes=\"auto, (max-width: 220px) 100vw, 220px\" \/><\/a><\/figure>\n\n\n\n<figure class=\"wp-block-image size-large\"><img loading=\"lazy\" decoding=\"async\" width=\"220\" height=\"220\" data-id=\"112\" src=\"http:\/\/www.grundeinkommen-ist-waehlbar.de\/2022-sl\/wp-content\/uploads\/sites\/26\/2022\/02\/blank.jpg\" alt=\"\" class=\"wp-image-112\" srcset=\"https:\/\/www.grundeinkommen-ist-waehlbar.de\/2022-sl\/wp-content\/uploads\/sites\/26\/2022\/02\/blank.jpg 220w, https:\/\/www.grundeinkommen-ist-waehlbar.de\/2022-sl\/wp-content\/uploads\/sites\/26\/2022\/02\/blank-150x150.jpg 150w, https:\/\/www.grundeinkommen-ist-waehlbar.de\/2022-sl\/wp-content\/uploads\/sites\/26\/2022\/02\/blank-100x100.jpg 100w\" sizes=\"auto, (max-width: 220px) 100vw, 220px\" \/><\/figure>\n\n\n\n<figure class=\"wp-block-image size-large\"><img loading=\"lazy\" decoding=\"async\" width=\"220\" height=\"220\" data-id=\"113\" src=\"https:\/\/www.grundeinkommen-ist-waehlbar.de\/2022-sl\/wp-content\/uploads\/sites\/26\/2022\/02\/blank2.jpg\" alt=\"\" class=\"wp-image-113\" srcset=\"https:\/\/www.grundeinkommen-ist-waehlbar.de\/2022-sl\/wp-content\/uploads\/sites\/26\/2022\/02\/blank2.jpg 220w, https:\/\/www.grundeinkommen-ist-waehlbar.de\/2022-sl\/wp-content\/uploads\/sites\/26\/2022\/02\/blank2-150x150.jpg 150w, https:\/\/www.grundeinkommen-ist-waehlbar.de\/2022-sl\/wp-content\/uploads\/sites\/26\/2022\/02\/blank2-100x100.jpg 100w\" sizes=\"auto, (max-width: 220px) 100vw, 220px\" \/><\/figure>\n<\/figure>\n","protected":false},"excerpt":{"rendered":"<p>Das Netzwerk Grundeinkommen befragt Parteien bei den Bundestagswahlen zu ihrer Position zum Grundeinkommen. Da gelegentlich bei Landtagswahlen weitere Parteien antreten, reichen wir gegebenenfalls deren Antworten nach. Die hier vorliegenden Antworten stammen aus dem Jahr 2021. Antworten der Parteien Hier sind die vorliegende Antworten als PDF-Datei erh\u00e4ltlich:<\/p>\n","protected":false},"author":1,"featured_media":0,"parent":0,"menu_order":0,"comment_status":"closed","ping_status":"closed","template":"","meta":{"footnotes":""},"class_list":["post-95","page","type-page","status-publish","hentry"],"_links":{"self":[{"href":"https:\/\/www.grundeinkommen-ist-waehlbar.de\/2022-sl\/wp-json\/wp\/v2\/pages\/95","targetHints":{"allow":["GET"]}}],"collection":[{"href":"https:\/\/www.grundeinkommen-ist-waehlbar.de\/2022-sl\/wp-json\/wp\/v2\/pages"}],"about":[{"href":"https:\/\/www.grundeinkommen-ist-waehlbar.de\/2022-sl\/wp-json\/wp\/v2\/types\/page"}],"author":[{"embeddable":true,"href":"https:\/\/www.grundeinkommen-ist-waehlbar.de\/2022-sl\/wp-json\/wp\/v2\/users\/1"}],"replies":[{"embeddable":true,"href":"https:\/\/www.grundeinkommen-ist-waehlbar.de\/2022-sl\/wp-json\/wp\/v2\/comments?post=95"}],"version-history":[{"count":15,"href":"https:\/\/www.grundeinkommen-ist-waehlbar.de\/2022-sl\/wp-json\/wp\/v2\/pages\/95\/revisions"}],"predecessor-version":[{"id":130,"href":"https:\/\/www.grundeinkommen-ist-waehlbar.de\/2022-sl\/wp-json\/wp\/v2\/pages\/95\/revisions\/130"}],"wp:attachment":[{"href":"https:\/\/www.grundeinkommen-ist-waehlbar.de\/2022-sl\/wp-json\/wp\/v2\/media?parent=95"}],"curies":[{"name":"wp","href":"https:\/\/api.w.org\/{rel}","templated":true}]}}