{"id":26,"date":"2021-01-14T13:18:53","date_gmt":"2021-01-14T12:18:53","guid":{"rendered":"http:\/\/www.grundeinkommen-ist-waehlbar.de\/2023-he\/?page_id=26"},"modified":"2022-02-04T12:33:35","modified_gmt":"2022-02-04T11:33:35","slug":"mitglied-werden-im-netzwerk-grundeinkommen","status":"publish","type":"page","link":"https:\/\/www.grundeinkommen-ist-waehlbar.de\/2023-he\/mitglied-werden-im-netzwerk-grundeinkommen\/","title":{"rendered":"Mitglied werden im Netzwerk Grundeinkommen"},"content":{"rendered":"\n<p>Unterst\u00fctzen Sie die Arbeit des Netzwerks Grundeinkommen und werden Sie Mitglied:  <a href=\"https:\/\/www.grundeinkommen.de\/mitmachen\/mitglied-werden\" target=\"_blank\" rel=\"noreferrer noopener\" aria-label=\" (\u00f6ffnet in neuem Tab)\">https:\/\/www.grundeinkommen.de\/mitmachen\/mitglied-werden<\/a> <\/p>\n\n\n\n<p>Die Mitgliedschaft erwirbt man durch eine Online-Beitrittserkl\u00e4rung gegen\u00fcber dem Netzwerkrat. Mitglieder k\u00f6nnen neben nat\u00fcrlichen Personen auch Organisationen und Verb\u00e4nde werden, jedoch keine politischen Parteien.<\/p>\n\n\n\n<p>F\u00fcr Personen:<br><a href=\"https:\/\/www.grundeinkommen.de\/mitmachen\/mitglied-werden-person\" target=\"_blank\" rel=\"noreferrer noopener\" aria-label=\" (\u00f6ffnet in neuem Tab)\">https:\/\/www.grundeinkommen.de\/mitmachen\/mitglied-werden-person<\/a> <\/p>\n\n\n\n<p>F\u00fcr Organisationen:<br><a href=\"https:\/\/www.grundeinkommen.de\/mitmachen\/mitglied-werden-organisation\" target=\"_blank\" rel=\"noreferrer noopener\" aria-label=\" (\u00f6ffnet in neuem Tab)\">https:\/\/www.grundeinkommen.de\/mitmachen\/mitglied-werden-organisation<\/a> <\/p>\n\n\n\n<p>Sollte die Online-Registrierung nicht m\u00f6glich oder erw\u00fcnscht sein, kann hier ein Formular im PDF-Format heruntergeladen werden:  <a href=\"https:\/\/www.grundeinkommen.de\/wp-content\/uploads\/2019\/12\/Beitrittsformular_NWG.pdf\" target=\"_blank\" rel=\"noreferrer noopener\" aria-label=\" (\u00f6ffnet in neuem Tab)\">https:\/\/www.grundeinkommen.de\/wp-content\/uploads\/2019\/12\/Beitrittsformular_NWG.pdf<\/a> und ausgef\u00fcllt per Post eingeschickt werden.<\/p>\n","protected":false},"excerpt":{"rendered":"<p>Unterst\u00fctzen Sie die Arbeit des Netzwerks Grundeinkommen und werden Sie Mitglied: https:\/\/www.grundeinkommen.de\/mitmachen\/mitglied-werden Die Mitgliedschaft erwirbt man durch eine Online-Beitrittserkl\u00e4rung gegen\u00fcber dem Netzwerkrat. Mitglieder k\u00f6nnen neben nat\u00fcrlichen Personen auch Organisationen und Verb\u00e4nde werden, jedoch keine politischen Parteien. F\u00fcr Personen:https:\/\/www.grundeinkommen.de\/mitmachen\/mitglied-werden-person F\u00fcr Organisationen:https:\/\/www.grundeinkommen.de\/mitmachen\/mitglied-werden-organisation Sollte die Online-Registrierung nicht m\u00f6glich oder erw\u00fcnscht sein, kann hier ein Formular im PDF-Format heruntergeladen &hellip; <\/p>\n<p class=\"link-more\"><a href=\"https:\/\/www.grundeinkommen-ist-waehlbar.de\/2023-he\/mitglied-werden-im-netzwerk-grundeinkommen\/\" class=\"more-link\"><span class=\"screen-reader-text\">\u201eMitglied werden im Netzwerk Grundeinkommen\u201c <\/span>weiterlesen<\/a><\/p>\n","protected":false},"author":1,"featured_media":0,"parent":0,"menu_order":0,"comment_status":"closed","ping_status":"closed","template":"","meta":{"footnotes":""},"class_list":["post-26","page","type-page","status-publish","hentry"],"_links":{"self":[{"href":"https:\/\/www.grundeinkommen-ist-waehlbar.de\/2023-he\/wp-json\/wp\/v2\/pages\/26","targetHints":{"allow":["GET"]}}],"collection":[{"href":"https:\/\/www.grundeinkommen-ist-waehlbar.de\/2023-he\/wp-json\/wp\/v2\/pages"}],"about":[{"href":"https:\/\/www.grundeinkommen-ist-waehlbar.de\/2023-he\/wp-json\/wp\/v2\/types\/page"}],"author":[{"embeddable":true,"href":"https:\/\/www.grundeinkommen-ist-waehlbar.de\/2023-he\/wp-json\/wp\/v2\/users\/1"}],"replies":[{"embeddable":true,"href":"https:\/\/www.grundeinkommen-ist-waehlbar.de\/2023-he\/wp-json\/wp\/v2\/comments?post=26"}],"version-history":[{"count":2,"href":"https:\/\/www.grundeinkommen-ist-waehlbar.de\/2023-he\/wp-json\/wp\/v2\/pages\/26\/revisions"}],"predecessor-version":[{"id":78,"href":"https:\/\/www.grundeinkommen-ist-waehlbar.de\/2023-he\/wp-json\/wp\/v2\/pages\/26\/revisions\/78"}],"wp:attachment":[{"href":"https:\/\/www.grundeinkommen-ist-waehlbar.de\/2023-he\/wp-json\/wp\/v2\/media?parent=26"}],"curies":[{"name":"wp","href":"https:\/\/api.w.org\/{rel}","templated":true}]}}