{"id":42,"date":"2021-01-14T13:57:22","date_gmt":"2021-01-14T12:57:22","guid":{"rendered":"http:\/\/www.grundeinkommen-ist-waehlbar.de\/2023-he\/?page_id=42"},"modified":"2023-08-22T09:23:32","modified_gmt":"2023-08-22T07:23:32","slug":"kandidieren","status":"publish","type":"page","link":"https:\/\/www.grundeinkommen-ist-waehlbar.de\/2023-he\/kandidieren\/","title":{"rendered":"Kandidieren"},"content":{"rendered":"\n<h2 class=\"wp-block-heading\">Ich kandidiere zur Landtagswahl in Hessen und unterst\u00fctze die Forderung nach einem Grundeinkommen<\/h2>\n\n\n\n<ul class=\"wp-block-list\">\n<li>das existenzsichernd ist und gesellschaftliche Teilhabe erm\u00f6glicht,<\/li>\n\n\n\n<li>auf das ein individueller Rechtsanspruch besteht,<\/li>\n\n\n\n<li>das ohne Bed\u00fcrftigkeitspr\u00fcfung und<\/li>\n\n\n\n<li>ohne Zwang zu Arbeit oder anderen Gegenleistungen<\/li>\n<\/ul>\n\n\n\n<p>garantiert wird.<\/p>\n\n\n<div id=\"cf7_2_post_7722f270ef\" class=\"cf7_2_post cf7_form_41\">\n<div class=\"wpcf7 no-js\" id=\"wpcf7-f41-o1\" lang=\"de-DE\" dir=\"ltr\" data-wpcf7-id=\"41\">\n<div class=\"screen-reader-response\"><p role=\"status\" aria-live=\"polite\" aria-atomic=\"true\"><\/p> <ul><\/ul><\/div>\n<form action=\"\/2023-he\/wp-json\/wp\/v2\/pages\/42#wpcf7-f41-o1\" method=\"post\" class=\"wpcf7-form init\" aria-label=\"Kontaktformular\" enctype=\"multipart\/form-data\" novalidate=\"novalidate\" data-status=\"init\">\n<fieldset class=\"hidden-fields-container\"><input type=\"hidden\" name=\"_wpcf7\" value=\"41\" \/><input type=\"hidden\" name=\"_wpcf7_version\" value=\"6.1.5\" \/><input type=\"hidden\" name=\"_wpcf7_locale\" value=\"de_DE\" \/><input type=\"hidden\" name=\"_wpcf7_unit_tag\" value=\"wpcf7-f41-o1\" \/><input type=\"hidden\" name=\"_wpcf7_container_post\" value=\"0\" \/><input type=\"hidden\" name=\"_wpcf7_posted_data_hash\" value=\"\" \/><input type=\"hidden\" name=\"_map_author\" value=\"1\" \/><input type=\"hidden\" name=\"_c2p_nonce\" value=\"bdf6646610\" \/><input type=\"hidden\" name=\"_wpnonce\" value=\"8b9def868f\" \/>\n<\/fieldset>\n<p><label> Ihr Name (Pflichtfeld)<br \/>\n<span class=\"wpcf7-form-control-wrap\" data-name=\"your-name\"><input size=\"40\" maxlength=\"400\" class=\"wpcf7-form-control wpcf7-text wpcf7-validates-as-required\" aria-required=\"true\" aria-invalid=\"false\" value=\"\" type=\"text\" name=\"your-name\" \/><\/span> <\/label>\n<\/p>\n<p><label> Ihre E-Mail-Adresse (Pflichtfeld)<br \/>\n<span class=\"wpcf7-form-control-wrap\" data-name=\"your-email\"><input size=\"40\" maxlength=\"400\" class=\"wpcf7-form-control wpcf7-email wpcf7-validates-as-required wpcf7-text wpcf7-validates-as-email\" aria-required=\"true\" aria-invalid=\"false\" value=\"\" type=\"email\" name=\"your-email\" \/><\/span> <\/label>\n<\/p>\n<p>Wir verwenden Ihre E-Mail ausschlie\u00dflich f\u00fcr eventuelle R\u00fcckfragen zu Ihrem Profil, sie wird <b>nicht<\/b> automatisch ver\u00f6ffentlicht. Wenn Sie Ihre E-Mail-Adresse auf Ihrer Profil-Seite doch ver\u00f6ffentlichen m\u00f6chten, stimmen Sie bitte hier zu:<br \/>\n<span class=\"wpcf7-form-control-wrap\" data-name=\"E-Mail-veroeffentlichen\"><span class=\"wpcf7-form-control wpcf7-acceptance optional\"><span class=\"wpcf7-list-item\"><label><input type=\"checkbox\" name=\"E-Mail-veroeffentlichen\" value=\"1\" aria-invalid=\"false\" \/><span class=\"wpcf7-list-item-label\">Ich bin damit einverstanden, dass meine E-Mail-Adresse auf www.grundeinkommen-ist-waehlbar.de ver\u00f6ffentlicht werden kann.<\/span><\/label><\/span><\/span><\/span>\n<\/p>\n<p><label> Art der Kandidatur (Pflichtfeld)<br \/>\n<span class=\"wpcf7-form-control-wrap\" data-name=\"art-der-kandidatur\"><span class=\"wpcf7-form-control wpcf7-checkbox\"><\/span><\/span><br \/>\n<\/label><label> Partei\/Einzelbewerber (Pflichtfeld)<br \/>\n<span class=\"wpcf7-form-control-wrap\" data-name=\"partei\"><select class=\"wpcf7-form-control wpcf7-select wpcf7-validates-as-required\" aria-required=\"true\" aria-invalid=\"false\" name=\"partei\"><option value=\"\">&#8211; Bitte ausw\u00e4hlen &#8211;<\/option><\/select><\/span> <\/label>\n<\/p>\n<p><label> Wahlkreis<br \/>\n<span class=\"wpcf7-form-control-wrap\" data-name=\"wahlkreis\"><select class=\"wpcf7-form-control wpcf7-select\" aria-invalid=\"false\" name=\"wahlkreis\"><option value=\"\">&#8211; Bitte ausw\u00e4hlen &#8211;<\/option><\/select><\/span> <\/label>\n<\/p>\n<p><label> Ihr pers\u00f6nliches Statement zum Grundeinkommen und Information zu Ihrer Person (maximal 2.000 Zeichen)<br \/>\n<span class=\"wpcf7-form-control-wrap\" data-name=\"statement\"><textarea cols=\"40\" rows=\"10\" maxlength=\"2000\" class=\"wpcf7-form-control wpcf7-textarea\" aria-invalid=\"false\" name=\"statement\"><\/textarea><\/span> <\/label>\n<\/p>\n<p><label> Ihre Website<br \/>\n<span class=\"wpcf7-form-control-wrap\" data-name=\"website\"><input size=\"40\" maxlength=\"400\" class=\"wpcf7-form-control wpcf7-text\" aria-invalid=\"false\" value=\"\" type=\"text\" name=\"website\" \/><\/span> <\/label>\n<\/p>\n<p><label> Ihr KandidatInnen-Foto zur Verwendung auf www.grundeinkommen-ist-waehlbar.de (am besten 250 Pixel breit)<br \/>\n<span class=\"wpcf7-form-control-wrap\" data-name=\"KandidatInnen-Foto\"><input size=\"40\" class=\"wpcf7-form-control wpcf7-file\" accept=\".gif,.png,.jpg,.jpeg\" aria-invalid=\"false\" type=\"file\" name=\"KandidatInnen-Foto\" \/><\/span> <\/label>\n<\/p>\n<p><span class=\"wpcf7-form-control-wrap\" data-name=\"Datenschutzeklaerung-gelesen\"><span class=\"wpcf7-form-control wpcf7-acceptance\"><span class=\"wpcf7-list-item\"><label><input type=\"checkbox\" name=\"Datenschutzeklaerung-gelesen\" value=\"1\" aria-invalid=\"false\" \/><span class=\"wpcf7-list-item-label\">Ich habe die <a href=\"https:\/\/www.grundeinkommen-ist-waehlbar.de\/2023-he\/datenschutzerklaerung\/\" target=\"_blank\">Datenschutzerkl\u00e4rung<\/a> von www.grundeinkommen-ist-waehlbar.de gelesen<\/span><\/label><\/span><\/span><\/span>\n<\/p>\n<p><span class=\"wpcf7-form-control-wrap\" data-name=\"Zustsimmung\"><span class=\"wpcf7-form-control wpcf7-acceptance\"><span class=\"wpcf7-list-item\"><label><input type=\"checkbox\" name=\"Zustsimmung\" value=\"1\" aria-invalid=\"false\" \/><span class=\"wpcf7-list-item-label\">Ich bin damit einverstanden, dass mein Name, mein pers\u00f6nliches Statement, meine Website-Adresse und mein KandidatInnen-Foto auf www.grundeinkommen-ist-waehlbar.de ver\u00f6ffentlicht werden kann.<\/span><\/label><\/span><\/span><\/span>\n<\/p>\n<p><input class=\"wpcf7-form-control wpcf7-submit has-spinner\" type=\"submit\" value=\"Senden\" \/>\n<\/p><p style=\"display: none !important;\" class=\"akismet-fields-container\" data-prefix=\"_wpcf7_ak_\"><label>&#916;<textarea name=\"_wpcf7_ak_hp_textarea\" cols=\"45\" rows=\"8\" maxlength=\"100\"><\/textarea><\/label><input type=\"hidden\" id=\"ak_js_1\" name=\"_wpcf7_ak_js\" value=\"146\"\/><script>document.getElementById( \"ak_js_1\" ).setAttribute( \"value\", ( new Date() ).getTime() );<\/script><\/p><div class=\"wpcf7-response-output\" aria-hidden=\"true\"><\/div>\n<\/form>\n<\/div>\n\n<\/div>\n","protected":false},"excerpt":{"rendered":"<p>Ich kandidiere zur Landtagswahl in Hessen und unterst\u00fctze die Forderung nach einem Grundeinkommen garantiert wird.<\/p>\n","protected":false},"author":1,"featured_media":0,"parent":0,"menu_order":0,"comment_status":"closed","ping_status":"closed","template":"","meta":{"footnotes":""},"class_list":["post-42","page","type-page","status-publish","hentry"],"_links":{"self":[{"href":"https:\/\/www.grundeinkommen-ist-waehlbar.de\/2023-he\/wp-json\/wp\/v2\/pages\/42","targetHints":{"allow":["GET"]}}],"collection":[{"href":"https:\/\/www.grundeinkommen-ist-waehlbar.de\/2023-he\/wp-json\/wp\/v2\/pages"}],"about":[{"href":"https:\/\/www.grundeinkommen-ist-waehlbar.de\/2023-he\/wp-json\/wp\/v2\/types\/page"}],"author":[{"embeddable":true,"href":"https:\/\/www.grundeinkommen-ist-waehlbar.de\/2023-he\/wp-json\/wp\/v2\/users\/1"}],"replies":[{"embeddable":true,"href":"https:\/\/www.grundeinkommen-ist-waehlbar.de\/2023-he\/wp-json\/wp\/v2\/comments?post=42"}],"version-history":[{"count":3,"href":"https:\/\/www.grundeinkommen-ist-waehlbar.de\/2023-he\/wp-json\/wp\/v2\/pages\/42\/revisions"}],"predecessor-version":[{"id":95,"href":"https:\/\/www.grundeinkommen-ist-waehlbar.de\/2023-he\/wp-json\/wp\/v2\/pages\/42\/revisions\/95"}],"wp:attachment":[{"href":"https:\/\/www.grundeinkommen-ist-waehlbar.de\/2023-he\/wp-json\/wp\/v2\/media?parent=42"}],"curies":[{"name":"wp","href":"https:\/\/api.w.org\/{rel}","templated":true}]}}