{"id":17,"date":"2021-01-14T13:11:55","date_gmt":"2021-01-14T12:11:55","guid":{"rendered":"http:\/\/www.grundeinkommen-ist-waehlbar.de\/2024-sn\/?page_id=17"},"modified":"2024-07-20T12:54:23","modified_gmt":"2024-07-20T10:54:23","slug":"home","status":"publish","type":"page","link":"https:\/\/www.grundeinkommen-ist-waehlbar.de\/2024-sn\/","title":{"rendered":"Home"},"content":{"rendered":"\n<figure class=\"wp-block-image size-large\"><a href=\"https:\/\/www.grundeinkommen-ist-waehlbar.de\/2024-th\/\"><img loading=\"lazy\" decoding=\"async\" width=\"1024\" height=\"158\" src=\"https:\/\/www.grundeinkommen-ist-waehlbar.de\/2024-sn\/wp-content\/uploads\/sites\/42\/2024\/07\/Thueringen-banner-1024x158.png\" alt=\"\" class=\"wp-image-101\" srcset=\"https:\/\/www.grundeinkommen-ist-waehlbar.de\/2024-sn\/wp-content\/uploads\/sites\/42\/2024\/07\/Thueringen-banner-1024x158.png 1024w, https:\/\/www.grundeinkommen-ist-waehlbar.de\/2024-sn\/wp-content\/uploads\/sites\/42\/2024\/07\/Thueringen-banner-300x46.png 300w, https:\/\/www.grundeinkommen-ist-waehlbar.de\/2024-sn\/wp-content\/uploads\/sites\/42\/2024\/07\/Thueringen-banner-768x118.png 768w, https:\/\/www.grundeinkommen-ist-waehlbar.de\/2024-sn\/wp-content\/uploads\/sites\/42\/2024\/07\/Thueringen-banner.png 1163w\" sizes=\"auto, (max-width: 767px) 89vw, (max-width: 1000px) 54vw, (max-width: 1071px) 543px, 580px\" \/><\/a><\/figure>\n\n\n\n<figure class=\"wp-block-image size-large\"><a href=\"https:\/\/www.grundeinkommen-ist-waehlbar.de\/2024-bb\/\"><img loading=\"lazy\" decoding=\"async\" width=\"1024\" height=\"158\" src=\"https:\/\/www.grundeinkommen-ist-waehlbar.de\/2024-sn\/wp-content\/uploads\/sites\/42\/2024\/07\/Brandenburg-banner-1024x158.png\" alt=\"\" class=\"wp-image-102\" srcset=\"https:\/\/www.grundeinkommen-ist-waehlbar.de\/2024-sn\/wp-content\/uploads\/sites\/42\/2024\/07\/Brandenburg-banner-1024x158.png 1024w, https:\/\/www.grundeinkommen-ist-waehlbar.de\/2024-sn\/wp-content\/uploads\/sites\/42\/2024\/07\/Brandenburg-banner-300x46.png 300w, https:\/\/www.grundeinkommen-ist-waehlbar.de\/2024-sn\/wp-content\/uploads\/sites\/42\/2024\/07\/Brandenburg-banner-768x118.png 768w, https:\/\/www.grundeinkommen-ist-waehlbar.de\/2024-sn\/wp-content\/uploads\/sites\/42\/2024\/07\/Brandenburg-banner.png 1163w\" sizes=\"auto, (max-width: 767px) 89vw, (max-width: 1000px) 54vw, (max-width: 1071px) 543px, 580px\" \/><\/a><\/figure>\n\n\n\n<h2 class=\"wp-block-heading\">Grundeinkommen ist w\u00e4hlbar!<\/h2>\n\n\n\n<ul class=\"wp-block-list\">\n<li>ist eine Informationsplattform, auf der sich Interessierte informieren k\u00f6nnen, in welchen Wahlkreisen Grundeinkommensbef\u00fcrwortende f\u00fcr den Bundestag kandidieren<\/li>\n\n\n\n<li>ist eine Unterst\u00fctzungsplattform f\u00fcr alle Kandidierenden, die f\u00fcr ein Bedingungsloses Grundeinkommen eintreten<\/li>\n\n\n\n<li>ist Werbung f\u00fcrs W\u00e4hlen: Wir wollen daf\u00fcr werben, die Gesellschaft aktiv mitzugestalten<\/li>\n\n\n\n<li>ist dankbar f\u00fcr jeden <a href=\"https:\/\/www.grundeinkommen-ist-waehlbar.de\/2024-sn\/kandidieren\/\">Hinweis auf Kandidierende, die die Forderung nach einem Grundeinkommen unterst\u00fctzen<\/a>.<\/li>\n\n\n\n<li>Wer \u00fcber die neuesten Eintr\u00e4ge informiert sein m\u00f6chte, sollte sich &gt; <a href=\"http:\/\/www.grundeinkommen-ist-waehlbar.de\/2024-sn\/kandidierende\/\">diesen Link<\/a> &lt; abspeichern.<\/li>\n<\/ul>\n\n\n\n<h2 class=\"wp-block-heading\">Grundeinkommen ist w\u00e4hlbar!<\/h2>\n\n\n\n<ul class=\"wp-block-list\">\n<li>ist ein Angebot des Netzwerks Grundeinkommen <a rel=\"noreferrer noopener\" href=\"http:\/\/www.grundeinkommen.de\" target=\"_blank\">www.grundeinkommen.de<\/a>.<\/li>\n\n\n\n<li>bef\u00fcrwortet entsprechend der Pr\u00e4ambel des Netzwerk Grundeinkommen ein bedingungsloses Grundeinkommen f\u00fcr alle Menschen, das existenzsichernd ist und gesellschaftliche Teilhabe erm\u00f6glicht, auf das ein individueller Rechtsanspruch besteht, das ohne Bed\u00fcrftigkeitspr\u00fcfung und ohne Zwang zu Arbeit oder anderen Gegenleistungen garantiert wird.<\/li>\n\n\n\n<li>\u00fcbernimmt im Rahmen dieses Online-Angebotes keine Gew\u00e4hr, dass die Grundeinkommensmodelle alle Kandidierenden diesen vier Kriterien entsprechen.<\/li>\n\n\n\n<li>gab es bereits zur:<\/li>\n\n\n\n<li><a style=\"font-size: 1rem;\" href=\"http:\/\/www.grundeinkommen-ist-waehlbar.de\/2009\/\">Bundestagswahl 2009<\/a><\/li>\n\n\n\n<li><a style=\"font-size: 1rem;\" href=\"http:\/\/www.grundeinkommen-ist-waehlbar.de\/2013\/\">Bundestagswahl 2013<\/a><\/li>\n\n\n\n<li><a style=\"font-size: 1rem;\" href=\"http:\/\/www.grundeinkommen-ist-waehlbar.de\/2017-nrw\/\">Landtagswahl in Nordrhein-Westfalen 2017<\/a><\/li>\n\n\n\n<li><a style=\"font-size: 1rem;\" href=\"https:\/\/www.grundeinkommen-ist-waehlbar.de\/2017-de\/\">Bundestagswahl 2017<\/a><\/li>\n\n\n\n<li><a style=\"font-size: 1rem;\" href=\"https:\/\/www.grundeinkommen-ist-waehlbar.de\/2017-ni\/\">Landtagswahl in Niedersachsen 2017<\/a><\/li>\n\n\n\n<li><a style=\"font-size: 1rem;\" href=\"http:\/\/www.grundeinkommen-ist-waehlbar.de\/2018-by\/\">Landtagswahl in Bayern 2018<\/a><\/li>\n\n\n\n<li><a style=\"font-size: 1rem;\" href=\"http:\/\/www.grundeinkommen-ist-waehlbar.de\/2018-he\/\">Landtagswahl in Hessen 2018<\/a><\/li>\n\n\n\n<li><a style=\"font-size: 1rem;\" href=\"http:\/\/www.grundeinkommen-ist-waehlbar.de\/2019-hb\/\">B\u00fcrgerschaftswahl in Bremen 2019<\/a><\/li>\n\n\n\n<li><a style=\"font-size: 1rem;\" href=\"http:\/\/www.grundeinkommen-ist-waehlbar.de\/2019-eu\/\">Europawahl 2019<\/a><\/li>\n\n\n\n<li><a style=\"font-size: 1rem;\" href=\"https:\/\/www.grundeinkommen-ist-waehlbar.de\/2019-bb\/\">Landtagswahl in Brandenburg 2019<\/a><\/li>\n\n\n\n<li><a style=\"font-size: 1rem;\" href=\"https:\/\/www.grundeinkommen-ist-waehlbar.de\/2019-sn\/\">Landtagswahl in Sachsen 2019<\/a><\/li>\n\n\n\n<li><a style=\"font-size: 1rem;\" href=\"https:\/\/www.grundeinkommen-ist-waehlbar.de\/2019-th\/\">Landtagswahl in Th\u00fcringen 2019<\/a><\/li>\n\n\n\n<li><a style=\"font-size: 1rem;\" href=\"https:\/\/www.grundeinkommen-ist-waehlbar.de\/2020-hh\/\">B\u00fcrgerschaftswahl in Hamburg 2020<\/a><\/li>\n\n\n\n<li><a style=\"font-size: 1rem;\" href=\"https:\/\/www.grundeinkommen-ist-waehlbar.de\/2021-rp\/\">Landtagswahl in Rheinland-Pfalz 2021<\/a><\/li>\n\n\n\n<li><a style=\"font-size: 1rem;\" href=\"https:\/\/www.grundeinkommen-ist-waehlbar.de\/2021-bw\/\">Landtagswahl in Baden-W\u00fcrttemberg 2021<\/a><\/li>\n\n\n\n<li><a style=\"font-size: 1rem;\" href=\"https:\/\/www.grundeinkommen-ist-waehlbar.de\/2021-st\/\">Landtagswahl in Sachsen-Anhalt 2021<\/a><\/li>\n\n\n\n<li><a style=\"font-size: 1rem;\" href=\"https:\/\/www.grundeinkommen-ist-waehlbar.de\/2021-de\/\">Bundestagswahl 2021<\/a><\/li>\n\n\n\n<li><a href=\"https:\/\/www.grundeinkommen-ist-waehlbar.de\/2021-mv\/\">Landtagswahl in Mecklenburg-Vorpommern 2021<\/a><\/li>\n\n\n\n<li><a href=\"https:\/\/www.grundeinkommen-ist-waehlbar.de\/2021-be\/\">Wahl zum Abgeordnetenhaus von Berlin 2021<\/a><\/li>\n\n\n\n<li><a href=\"https:\/\/www.grundeinkommen-ist-waehlbar.de\/2022-sl\/\">Landtagswahl in Saarland 2022<\/a><\/li>\n\n\n\n<li><a href=\"http:\/\/www.grundeinkommen-ist-waehlbar.de\/2022-sh\/\">Landtagswahl in Schleswig-Holstein 2022<\/a><\/li>\n\n\n\n<li><a href=\"http:\/\/www.grundeinkommen-ist-waehlbar.de\/2022-nw\/\">Landtagswahl in Nordrhein-Westfalen 2022<\/a><\/li>\n\n\n\n<li><a href=\"http:\/\/www.grundeinkommen-ist-waehlbar.de\/2022-ni\/\">Landtagswahl in Niedersachsen 2022<\/a><\/li>\n\n\n\n<li><a href=\"http:\/\/www.grundeinkommen-ist-waehlbar\/2023-hb\/\">Landtagswahl in Bremen 2023<\/a><\/li>\n\n\n\n<li><a href=\"https:\/\/www.grundeinkommen-ist-waehlbar.de\/2023-he\/\">Landtagswahl in Hessen 2023<\/a><\/li>\n\n\n\n<li><a href=\"https:\/\/www.grundeinkommen-ist-waehlbar.de\/2024-eu\/\">Europawahl 2024<\/a><\/li>\n<\/ul>\n\n\n\n<h2 class=\"wp-block-heading\">Grundeinkommen ist w\u00e4hlbar!<\/h2>\n\n\n\n<ul class=\"wp-block-list\">\n<li>Die Informationen basieren auf Angaben der Kandidierenden, bzw. auf online zug\u00e4nglichen Informationen.<\/li>\n\n\n\n<li>freut sich \u00fcber Anregungen und Kritik \u00fcber unser <a href=\"https:\/\/www.grundeinkommen-ist-waehlbar.de\/2024-sn\/kontakt\/\">Kontaktformular<\/a>.<\/li>\n<\/ul>\n","protected":false},"excerpt":{"rendered":"<p>Grundeinkommen ist w\u00e4hlbar! Grundeinkommen ist w\u00e4hlbar! Grundeinkommen ist w\u00e4hlbar!<\/p>\n","protected":false},"author":1,"featured_media":0,"parent":0,"menu_order":0,"comment_status":"closed","ping_status":"closed","template":"","meta":{"footnotes":""},"class_list":["post-17","page","type-page","status-publish","hentry"],"_links":{"self":[{"href":"https:\/\/www.grundeinkommen-ist-waehlbar.de\/2024-sn\/wp-json\/wp\/v2\/pages\/17","targetHints":{"allow":["GET"]}}],"collection":[{"href":"https:\/\/www.grundeinkommen-ist-waehlbar.de\/2024-sn\/wp-json\/wp\/v2\/pages"}],"about":[{"href":"https:\/\/www.grundeinkommen-ist-waehlbar.de\/2024-sn\/wp-json\/wp\/v2\/types\/page"}],"author":[{"embeddable":true,"href":"https:\/\/www.grundeinkommen-ist-waehlbar.de\/2024-sn\/wp-json\/wp\/v2\/users\/1"}],"replies":[{"embeddable":true,"href":"https:\/\/www.grundeinkommen-ist-waehlbar.de\/2024-sn\/wp-json\/wp\/v2\/comments?post=17"}],"version-history":[{"count":8,"href":"https:\/\/www.grundeinkommen-ist-waehlbar.de\/2024-sn\/wp-json\/wp\/v2\/pages\/17\/revisions"}],"predecessor-version":[{"id":107,"href":"https:\/\/www.grundeinkommen-ist-waehlbar.de\/2024-sn\/wp-json\/wp\/v2\/pages\/17\/revisions\/107"}],"wp:attachment":[{"href":"https:\/\/www.grundeinkommen-ist-waehlbar.de\/2024-sn\/wp-json\/wp\/v2\/media?parent=17"}],"curies":[{"name":"wp","href":"https:\/\/api.w.org\/{rel}","templated":true}]}}