{"id":46,"date":"2021-01-14T14:16:58","date_gmt":"2021-01-14T13:16:58","guid":{"rendered":"http:\/\/www.grundeinkommen-ist-waehlbar.de\/2025-de\/?page_id=46"},"modified":"2021-01-14T14:16:58","modified_gmt":"2021-01-14T13:16:58","slug":"kandidierende","status":"publish","type":"page","link":"https:\/\/www.grundeinkommen-ist-waehlbar.de\/2025-de\/kandidierende\/","title":{"rendered":"Kandidierende"},"content":{"rendered":"\n<p>Gibt es in Ihrem Wahlkreis eine\/n Kandidierenden, der\/die sich f\u00fcr ein bedingungsloses Grundeinkommen ausspricht? Wo k\u00f6nnen Sie Grundeinkommen w\u00e4hlen? Hier werden nur Wahlkreise angezeigt, in denen mindestens ein\/e Kandidat\/in f\u00fcr das Grundeinkommen ist. Finden Sie Kandidierende, indem Sie den entsprechenden Wahlkreis anklicken:<\/p>\n\n\n\t<li class=\"cat-item cat-item-626\"><a href=\"https:\/\/www.grundeinkommen-ist-waehlbar.de\/2025-de\/wahlkreis\/baden-wuerttemberg\/\">Baden-W\u00fcrttemberg<\/a>\n<ul class='children'>\n\t<li class=\"cat-item cat-item-654\"><a href=\"https:\/\/www.grundeinkommen-ist-waehlbar.de\/2025-de\/wahlkreis\/baden-wuerttemberg\/285-rottweil-tuttlingen\/\">285 Rottweil \u2013 Tuttlingen<\/a>\n<\/li>\n<\/ul>\n<\/li>\n\t<li class=\"cat-item cat-item-577\"><a href=\"https:\/\/www.grundeinkommen-ist-waehlbar.de\/2025-de\/wahlkreis\/bayern\/\">Bayern<\/a>\n<ul class='children'>\n\t<li class=\"cat-item cat-item-590\"><a href=\"https:\/\/www.grundeinkommen-ist-waehlbar.de\/2025-de\/wahlkreis\/bayern\/222-bad-toelz-wolfratshausen-miesbach\/\">222 Bad T\u00f6lz-Wolfratshausen \u2013 Miesbach<\/a>\n<\/li>\n\t<li class=\"cat-item cat-item-596\"><a href=\"https:\/\/www.grundeinkommen-ist-waehlbar.de\/2025-de\/wahlkreis\/bayern\/228-passau\/\">228 Passau<\/a>\n<\/li>\n<\/ul>\n<\/li>\n\t<li class=\"cat-item cat-item-432\"><a href=\"https:\/\/www.grundeinkommen-ist-waehlbar.de\/2025-de\/wahlkreis\/berlin\/\">Berlin<\/a>\n<ul class='children'>\n\t<li class=\"cat-item cat-item-441\"><a href=\"https:\/\/www.grundeinkommen-ist-waehlbar.de\/2025-de\/wahlkreis\/berlin\/082-berlin-friedrichshain-kreuzberg-prenzlauer-berg-ost\/\">082 Berlin-Friedrichshain-Kreuzberg \u2013 Prenzlauer Berg Ost<\/a>\n<\/li>\n<\/ul>\n<\/li>\n\t<li class=\"cat-item cat-item-412\"><a href=\"https:\/\/www.grundeinkommen-ist-waehlbar.de\/2025-de\/wahlkreis\/brandenburg\/\">Brandenburg<\/a>\n<ul class='children'>\n\t<li class=\"cat-item cat-item-417\"><a href=\"https:\/\/www.grundeinkommen-ist-waehlbar.de\/2025-de\/wahlkreis\/brandenburg\/060-brandenburg-an-der-havel-potsdam-mittelmark-i-havelland-iii-teltow-flaeming-i\/\">060 Brandenburg an der Havel \u2013 Potsdam-Mittelmark I \u2013 Havelland III \u2013 Teltow-Fl\u00e4ming I<\/a>\n<\/li>\n<\/ul>\n<\/li>\n\t<li class=\"cat-item cat-item-445\"><a href=\"https:\/\/www.grundeinkommen-ist-waehlbar.de\/2025-de\/wahlkreis\/nordrhein-westfalen\/\">Nordrhein-Westfalen<\/a>\n<ul class='children'>\n\t<li class=\"cat-item cat-item-473\"><a href=\"https:\/\/www.grundeinkommen-ist-waehlbar.de\/2025-de\/wahlkreis\/nordrhein-westfalen\/113-krefeld-ii-wesel-ii\/\">113 Krefeld II \u2013 Wesel II<\/a>\n<\/li>\n<\/ul>\n<\/li>\n\t<li class=\"cat-item cat-item-559\"><a href=\"https:\/\/www.grundeinkommen-ist-waehlbar.de\/2025-de\/wahlkreis\/rheinland-pfalz\/\">Rheinland-Pfalz<\/a>\n<ul class='children'>\n\t<li class=\"cat-item cat-item-567\"><a href=\"https:\/\/www.grundeinkommen-ist-waehlbar.de\/2025-de\/wahlkreis\/rheinland-pfalz\/202-trier\/\">202 Trier<\/a>\n<\/li>\n<\/ul>\n<\/li>\n\t<li class=\"cat-item cat-item-510\"><a href=\"https:\/\/www.grundeinkommen-ist-waehlbar.de\/2025-de\/wahlkreis\/sachsen\/\">Sachsen<\/a>\n<ul class='children'>\n\t<li class=\"cat-item cat-item-522\"><a href=\"https:\/\/www.grundeinkommen-ist-waehlbar.de\/2025-de\/wahlkreis\/sachsen\/161-chemnitz\/\">161 Chemnitz<\/a>\n<\/li>\n<\/ul>\n<\/li>\n\n","protected":false},"excerpt":{"rendered":"<p>Gibt es in Ihrem Wahlkreis eine\/n Kandidierenden, der\/die sich f\u00fcr ein bedingungsloses Grundeinkommen ausspricht? Wo k\u00f6nnen Sie Grundeinkommen w\u00e4hlen? Hier werden nur Wahlkreise angezeigt, in denen mindestens ein\/e Kandidat\/in f\u00fcr das Grundeinkommen ist. Finden Sie Kandidierende, indem Sie den entsprechenden Wahlkreis anklicken:<\/p>\n","protected":false},"author":1,"featured_media":0,"parent":0,"menu_order":0,"comment_status":"closed","ping_status":"closed","template":"","meta":{"footnotes":""},"class_list":["post-46","page","type-page","status-publish","hentry"],"_links":{"self":[{"href":"https:\/\/www.grundeinkommen-ist-waehlbar.de\/2025-de\/wp-json\/wp\/v2\/pages\/46","targetHints":{"allow":["GET"]}}],"collection":[{"href":"https:\/\/www.grundeinkommen-ist-waehlbar.de\/2025-de\/wp-json\/wp\/v2\/pages"}],"about":[{"href":"https:\/\/www.grundeinkommen-ist-waehlbar.de\/2025-de\/wp-json\/wp\/v2\/types\/page"}],"author":[{"embeddable":true,"href":"https:\/\/www.grundeinkommen-ist-waehlbar.de\/2025-de\/wp-json\/wp\/v2\/users\/1"}],"replies":[{"embeddable":true,"href":"https:\/\/www.grundeinkommen-ist-waehlbar.de\/2025-de\/wp-json\/wp\/v2\/comments?post=46"}],"version-history":[{"count":1,"href":"https:\/\/www.grundeinkommen-ist-waehlbar.de\/2025-de\/wp-json\/wp\/v2\/pages\/46\/revisions"}],"predecessor-version":[{"id":47,"href":"https:\/\/www.grundeinkommen-ist-waehlbar.de\/2025-de\/wp-json\/wp\/v2\/pages\/46\/revisions\/47"}],"wp:attachment":[{"href":"https:\/\/www.grundeinkommen-ist-waehlbar.de\/2025-de\/wp-json\/wp\/v2\/media?parent=46"}],"curies":[{"name":"wp","href":"https:\/\/api.w.org\/{rel}","templated":true}]}}