{"id":119,"date":"2025-02-24T12:41:37","date_gmt":"2025-02-24T11:41:37","guid":{"rendered":"https:\/\/www.grundeinkommen-ist-waehlbar.de\/2025-hh\/?page_id=119"},"modified":"2025-02-24T12:41:37","modified_gmt":"2025-02-24T11:41:37","slug":"wahlpruefsteine","status":"publish","type":"page","link":"https:\/\/www.grundeinkommen-ist-waehlbar.de\/2025-hh\/wahlpruefsteine\/","title":{"rendered":"Wahlpr\u00fcfsteine"},"content":{"rendered":"\n<h1 class=\"wp-block-heading\">Wahlpr\u00fcfsteine<\/h1>\n\n\n\n<p id=\"block-20ce6956-18c9-43a5-9292-cbdcac28f90a\">Hier die Fragestellungen der Wahlpr\u00fcfsteine:<\/p>\n\n\n\n<p id=\"block-82bfa289-5a37-40df-8613-63fa25ebef30\">\u201eUnter einem Grundeinkommen wird gem\u00e4\u00df der allgemein anerkannten <a href=\"https:\/\/www.grundeinkommen.de\/netzwerk\/statuten\">Definition des Netzwerks Grundeinkommen<\/a> Folgendes verstanden:<\/p>\n\n\n\n<p id=\"block-5fd7d9d2-db85-4153-8bb9-eb9caf046c35\">\u201eDas&nbsp;bedingungslose Grundeinkommen&nbsp;ist ein Einkommen f\u00fcr alle Menschen,<\/p>\n\n\n\n<ul id=\"block-27739391-0eb3-48c0-bdd3-c8df1761368e\" class=\"wp-block-list\">\n<li>das Existenz sichernd ist und gesellschaftliche Teilhabe erm\u00f6glicht,<\/li>\n\n\n\n<li>auf das ein individueller Rechtsanspruch besteht,<\/li>\n\n\n\n<li>das ohne Bed\u00fcrftigkeitspr\u00fcfung und<\/li>\n\n\n\n<li>ohne Zwang zu Arbeit oder anderen Gegenleistungen<\/li>\n<\/ul>\n\n\n\n<p id=\"block-a02a484f-90a9-4a32-94d8-4d5429cb8fa8\">garantiert wird.<\/p>\n\n\n\n<p id=\"block-f7dcb97d-945b-4444-932b-cb86b0aa100a\">Das Grundeinkommen soll dazu beitragen, Armut und soziale Notlagen zu beseitigen, den individuellen Freiheitsspielraum zu vergr\u00f6\u00dfern sowie die Ent\u00adwick\u00adlungs\u00adchancen jedes Einzelnen und die soziale und kulturelle Situation im Gemein\u00adwesen nachhaltig zu verbessern.<\/p>\n\n\n\n<p id=\"block-5182c82f-d734-49e3-a36e-bcbe38ad9088\">Wir bitten Sie, folgende Fragen bis zum 20. Januar 2025 konkret zu beantworten.<\/p>\n\n\n\n<p id=\"block-adbfa821-9a67-4519-8d08-6f064bf9345d\">Die sieben Fragen lauten:<\/p>\n\n\n\n<ol id=\"block-03cf6c11-4ea3-4ef2-861b-dd57029ecddd\" class=\"wp-block-list\">\n<li>Die Mehrheit in Deutschland bef\u00fcrwortet ein Grundeinkommen. Wie positioniert sich Ihre Partei aktuell zum Grundeinkommen o. g. Definition?<\/li>\n\n\n\n<li>Findet sich im Bundestagswahlprogramm Ihrer Partei f\u00fcr 2025 das deutliche Bekenntnis zur Einf\u00fchrung eines Grundeinkommens gem\u00e4\u00df o. g. Definition in Deutschland?<\/li>\n\n\n\n<li>Gibt es in Ihrer Partei Arbeitsgemeinschaften bzw. Zusammenschl\u00fcsse, die die Einf\u00fchrung eines Grundeinkommens fordern und diese Forderung im Parteiprogramm verankert sehen wollen? Wenn ja, welche?<\/li>\n\n\n\n<li>Haben Ihre Partei oder ein Zusammenschluss bzw. eine Arbeitsgemeinschaft Ihrer Partei ein Modell eines Grundeinkommens gem\u00e4\u00df o. g. Definition entwickelt?<\/li>\n\n\n\n<li>Wie steht Ihre Partei zur Forderung, eine Enquete-Kommission im Deutschen Bundestag mit dem Ziel einzurichten, die Idee, Modelle und Einf\u00fchrungsstrategien eines Grundeinkommens gem\u00e4\u00df o. g. Definition in Deutschland zielf\u00fchrend zu diskutieren?<\/li>\n\n\n\n<li>Ist Ihre Partei bereit, B\u00fcrgerr\u00e4te, -foren und -konvente zum Grundeinkommen\u00a0zu unterst\u00fctzen?<\/li>\n\n\n\n<li>Ist Ihre Partei bereit, nach Einf\u00fchrung der M\u00f6glichkeit eines bundesweiten Volksentscheids auch einen solchen Volksentscheid zum Grundeinkommen\u00a0zu unterst\u00fctzen?\u201c<\/li>\n<\/ol>\n\n\n\n<figure class=\"wp-block-gallery has-nested-images columns-default is-cropped wp-block-gallery-1 is-layout-flex wp-block-gallery-is-layout-flex\">\n<figure class=\"wp-block-image size-large\"><a href=\"http:\/\/www.grundeinkommen-ist-waehlbar.de\/2025-hh\/wp-content\/uploads\/sites\/45\/2025\/02\/SPD.pdf\" target=\"_blank\" rel=\" noreferrer noopener\"><img loading=\"lazy\" decoding=\"async\" width=\"390\" height=\"390\" data-id=\"131\" src=\"https:\/\/www.grundeinkommen-ist-waehlbar.de\/2025-hh\/wp-content\/uploads\/sites\/45\/2025\/02\/SPD.jpg\" alt=\"\" class=\"wp-image-131\" srcset=\"https:\/\/www.grundeinkommen-ist-waehlbar.de\/2025-hh\/wp-content\/uploads\/sites\/45\/2025\/02\/SPD.jpg 390w, https:\/\/www.grundeinkommen-ist-waehlbar.de\/2025-hh\/wp-content\/uploads\/sites\/45\/2025\/02\/SPD-300x300.jpg 300w, https:\/\/www.grundeinkommen-ist-waehlbar.de\/2025-hh\/wp-content\/uploads\/sites\/45\/2025\/02\/SPD-150x150.jpg 150w, https:\/\/www.grundeinkommen-ist-waehlbar.de\/2025-hh\/wp-content\/uploads\/sites\/45\/2025\/02\/SPD-100x100.jpg 100w\" sizes=\"auto, (max-width: 390px) 100vw, 390px\" \/><\/a><\/figure>\n\n\n\n<figure class=\"wp-block-image size-large\"><a href=\"http:\/\/www.grundeinkommen-ist-waehlbar.de\/2025-hh\/wp-content\/uploads\/sites\/45\/2025\/02\/GRUENE.pdf\" target=\"_blank\" rel=\" noreferrer noopener\"><img loading=\"lazy\" decoding=\"async\" width=\"220\" height=\"220\" data-id=\"126\" src=\"https:\/\/www.grundeinkommen-ist-waehlbar.de\/2025-hh\/wp-content\/uploads\/sites\/45\/2025\/02\/B90Gruene.jpg\" alt=\"\" class=\"wp-image-126\" srcset=\"https:\/\/www.grundeinkommen-ist-waehlbar.de\/2025-hh\/wp-content\/uploads\/sites\/45\/2025\/02\/B90Gruene.jpg 220w, https:\/\/www.grundeinkommen-ist-waehlbar.de\/2025-hh\/wp-content\/uploads\/sites\/45\/2025\/02\/B90Gruene-150x150.jpg 150w, https:\/\/www.grundeinkommen-ist-waehlbar.de\/2025-hh\/wp-content\/uploads\/sites\/45\/2025\/02\/B90Gruene-100x100.jpg 100w\" sizes=\"auto, (max-width: 220px) 100vw, 220px\" \/><\/a><\/figure>\n\n\n\n<figure class=\"wp-block-image size-large\"><a href=\"http:\/\/www.grundeinkommen-ist-waehlbar.de\/2025-hh\/wp-content\/uploads\/sites\/45\/2025\/02\/CDU.pdf\" target=\"_blank\" rel=\" noreferrer noopener\"><img loading=\"lazy\" decoding=\"async\" width=\"220\" height=\"220\" data-id=\"128\" src=\"https:\/\/www.grundeinkommen-ist-waehlbar.de\/2025-hh\/wp-content\/uploads\/sites\/45\/2025\/02\/CDU.png\" alt=\"\" class=\"wp-image-128\" srcset=\"https:\/\/www.grundeinkommen-ist-waehlbar.de\/2025-hh\/wp-content\/uploads\/sites\/45\/2025\/02\/CDU.png 220w, https:\/\/www.grundeinkommen-ist-waehlbar.de\/2025-hh\/wp-content\/uploads\/sites\/45\/2025\/02\/CDU-150x150.png 150w, https:\/\/www.grundeinkommen-ist-waehlbar.de\/2025-hh\/wp-content\/uploads\/sites\/45\/2025\/02\/CDU-100x100.png 100w\" sizes=\"auto, (max-width: 220px) 100vw, 220px\" \/><\/a><\/figure>\n\n\n\n<figure class=\"wp-block-image size-large\"><a href=\"http:\/\/www.grundeinkommen-ist-waehlbar.de\/2025-hh\/wp-content\/uploads\/sites\/45\/2025\/02\/DIE_LINKE.pdf\" target=\"_blank\" rel=\" noreferrer noopener\"><img loading=\"lazy\" decoding=\"async\" width=\"220\" height=\"220\" data-id=\"129\" src=\"https:\/\/www.grundeinkommen-ist-waehlbar.de\/2025-hh\/wp-content\/uploads\/sites\/45\/2025\/02\/Die_Linke.png\" alt=\"\" class=\"wp-image-129\" srcset=\"https:\/\/www.grundeinkommen-ist-waehlbar.de\/2025-hh\/wp-content\/uploads\/sites\/45\/2025\/02\/Die_Linke.png 220w, https:\/\/www.grundeinkommen-ist-waehlbar.de\/2025-hh\/wp-content\/uploads\/sites\/45\/2025\/02\/Die_Linke-150x150.png 150w, https:\/\/www.grundeinkommen-ist-waehlbar.de\/2025-hh\/wp-content\/uploads\/sites\/45\/2025\/02\/Die_Linke-100x100.png 100w\" sizes=\"auto, (max-width: 220px) 100vw, 220px\" \/><\/a><\/figure>\n\n\n\n<figure class=\"wp-block-image size-large\"><a href=\"http:\/\/www.grundeinkommen-ist-waehlbar.de\/2025-hh\/wp-content\/uploads\/sites\/45\/2025\/02\/FDP.pdf\" target=\"_blank\" rel=\" noreferrer noopener\"><img loading=\"lazy\" decoding=\"async\" width=\"220\" height=\"220\" data-id=\"130\" src=\"https:\/\/www.grundeinkommen-ist-waehlbar.de\/2025-hh\/wp-content\/uploads\/sites\/45\/2025\/02\/FDP.png\" alt=\"\" class=\"wp-image-130\" srcset=\"https:\/\/www.grundeinkommen-ist-waehlbar.de\/2025-hh\/wp-content\/uploads\/sites\/45\/2025\/02\/FDP.png 220w, https:\/\/www.grundeinkommen-ist-waehlbar.de\/2025-hh\/wp-content\/uploads\/sites\/45\/2025\/02\/FDP-150x150.png 150w, https:\/\/www.grundeinkommen-ist-waehlbar.de\/2025-hh\/wp-content\/uploads\/sites\/45\/2025\/02\/FDP-100x100.png 100w\" sizes=\"auto, (max-width: 220px) 100vw, 220px\" \/><\/a><\/figure>\n\n\n\n<figure class=\"wp-block-image size-large\"><a href=\"http:\/\/www.grundeinkommen-ist-waehlbar.de\/2025-hh\/wp-content\/uploads\/sites\/45\/2025\/02\/BUENDNIS_SAHRA_WAGENKNECHT.pdf\" target=\"_blank\" rel=\" noreferrer noopener\"><img loading=\"lazy\" decoding=\"async\" width=\"220\" height=\"220\" data-id=\"127\" src=\"https:\/\/www.grundeinkommen-ist-waehlbar.de\/2025-hh\/wp-content\/uploads\/sites\/45\/2025\/02\/Buendnis_Sahra_Wagenknecht.png\" alt=\"\" class=\"wp-image-127\" srcset=\"https:\/\/www.grundeinkommen-ist-waehlbar.de\/2025-hh\/wp-content\/uploads\/sites\/45\/2025\/02\/Buendnis_Sahra_Wagenknecht.png 220w, https:\/\/www.grundeinkommen-ist-waehlbar.de\/2025-hh\/wp-content\/uploads\/sites\/45\/2025\/02\/Buendnis_Sahra_Wagenknecht-150x150.png 150w, https:\/\/www.grundeinkommen-ist-waehlbar.de\/2025-hh\/wp-content\/uploads\/sites\/45\/2025\/02\/Buendnis_Sahra_Wagenknecht-100x100.png 100w\" sizes=\"auto, (max-width: 220px) 100vw, 220px\" \/><\/a><\/figure>\n<\/figure>\n","protected":false},"excerpt":{"rendered":"<p>Wahlpr\u00fcfsteine Hier die Fragestellungen der Wahlpr\u00fcfsteine: \u201eUnter einem Grundeinkommen wird gem\u00e4\u00df der allgemein anerkannten Definition des Netzwerks Grundeinkommen Folgendes verstanden: \u201eDas&nbsp;bedingungslose Grundeinkommen&nbsp;ist ein Einkommen f\u00fcr alle Menschen, garantiert wird. Das Grundeinkommen soll dazu beitragen, Armut und soziale Notlagen zu beseitigen, den individuellen Freiheitsspielraum zu vergr\u00f6\u00dfern sowie die Ent\u00adwick\u00adlungs\u00adchancen jedes Einzelnen und die soziale und kulturelle &hellip; <\/p>\n<p class=\"link-more\"><a href=\"https:\/\/www.grundeinkommen-ist-waehlbar.de\/2025-hh\/wahlpruefsteine\/\" class=\"more-link\"><span class=\"screen-reader-text\">\u201eWahlpr\u00fcfsteine\u201c <\/span>weiterlesen<\/a><\/p>\n","protected":false},"author":1,"featured_media":0,"parent":0,"menu_order":0,"comment_status":"closed","ping_status":"closed","template":"","meta":{"footnotes":""},"class_list":["post-119","page","type-page","status-publish","hentry"],"_links":{"self":[{"href":"https:\/\/www.grundeinkommen-ist-waehlbar.de\/2025-hh\/wp-json\/wp\/v2\/pages\/119","targetHints":{"allow":["GET"]}}],"collection":[{"href":"https:\/\/www.grundeinkommen-ist-waehlbar.de\/2025-hh\/wp-json\/wp\/v2\/pages"}],"about":[{"href":"https:\/\/www.grundeinkommen-ist-waehlbar.de\/2025-hh\/wp-json\/wp\/v2\/types\/page"}],"author":[{"embeddable":true,"href":"https:\/\/www.grundeinkommen-ist-waehlbar.de\/2025-hh\/wp-json\/wp\/v2\/users\/1"}],"replies":[{"embeddable":true,"href":"https:\/\/www.grundeinkommen-ist-waehlbar.de\/2025-hh\/wp-json\/wp\/v2\/comments?post=119"}],"version-history":[{"count":1,"href":"https:\/\/www.grundeinkommen-ist-waehlbar.de\/2025-hh\/wp-json\/wp\/v2\/pages\/119\/revisions"}],"predecessor-version":[{"id":132,"href":"https:\/\/www.grundeinkommen-ist-waehlbar.de\/2025-hh\/wp-json\/wp\/v2\/pages\/119\/revisions\/132"}],"wp:attachment":[{"href":"https:\/\/www.grundeinkommen-ist-waehlbar.de\/2025-hh\/wp-json\/wp\/v2\/media?parent=119"}],"curies":[{"name":"wp","href":"https:\/\/api.w.org\/{rel}","templated":true}]}}